{"id":1560,"date":"2017-04-15T08:28:10","date_gmt":"2017-04-15T08:28:10","guid":{"rendered":"https:\/\/www.pvcmajstor.com\/?page_id=1560"},"modified":"2017-12-19T11:18:56","modified_gmt":"2017-12-19T11:18:56","slug":"o-nama","status":"publish","type":"page","link":"https:\/\/www.pvcmajstor.com\/?page_id=1560","title":{"rendered":"O Nama"},"content":{"rendered":"<h3>Firma Pro Mont Constructing i na\u0161e usluge<\/h3>\n<p> <br \/>\n<strong>Nalazimo se u Beogradu i ve\u0107 dugi niz godina poslujemo na na\u0161im prostorima, kako u segmentima Pvc stolarije a tako i Aluminijumske stolarije. Dugogodi\u0161nje iskustvo i zadovoljni klijenti su najbolja preporuka o kvalitetu na\u0161ih proizvoda koji imaju desetogodi\u0161nju garanciju. Na\u0161e usluge smo u mogu\u0107nosti da ponudimo na teritoriji Srbije, Hrvatske, Crne Gore, Bosne i Hercegovine.<\/strong><br \/>\n<br \/> <br \/>\n<img class=\"aligncenter size-full\" src=\"\/wp-content\/uploads\/2017\/04\/alu-pvc-stolarija-beograd.jpg\"\/><br \/> <br \/>\nBavimo se izradom Pvc i Alu stolarije po najnovijim tehnologijama. U na\u0161oj ponudi \u0107ete na\u0107i veliki broj boja i dezena profila renomiranih proizvo\u0111a\u010da. Vr\u0161imo i proizvodnju alu i pvc roletni, komarnika, trakastih zavesa i venecijanera. Tako\u0111e ugra\u0111ujemo sigurnosna vrata i gara\u017ena vrata sa daljinskim upravljanjem.<br \/>\nBavimo se i uslu\u017enom proizvodnjom stolarije za distributere, javite nam se!<br \/>\n<br \/> <br \/>\n<strong>Na\u0161e delatnosti obuhvataju:<\/strong><br \/> <br \/>\nProizvodnja Pvc stolarije od renomiranih proizvo\u0111a\u010da profila Roloplast i Salamander: petokomorni i \u0161estokomorni profili u kombinaciji sa okovima Roto.<br \/>\n<br \/> <br \/>\nProizvodnja Aluminijumske stolarije od renomiranog proizvo\u0111a\u010da profila Alumil i Etem uz okove Stublina \u010dine perfekciju dana\u0161nje gra\u0111evine.<br \/>\n<br \/> <br \/>\nNiskoemisiona dvoslojna i troslojna stakla punjena argonom koja smanjuju gubitak toplote za \u010dak 50 &#8211; 60%<br \/>\n<br \/> <br \/>\nAlu i Pvc roletne sa i bez dodatne izolacije, komarnike, raznih boja i dezena uz mogu\u0107nost automatizacije Basic i Bios motorima na prekida\u010d ili daljinsko upravljanje.<br \/>\n<br \/> <br \/>\nZastakljivanje terasa, lo\u0111a i poslovnih prostorija.<br \/>\n<br \/> <br \/>\nAdaptacije stambenih i poslovnih prostora uz projekat, predra\u010dun tro\u0161kova i po\u0161tovanje zadatih rokova.<br \/>\n<br \/> <br \/>\nUgradnja i odr\u017eavanje sigurnosnih vrata raznih dezena, boja i nivoa za\u0161tite.<br \/>\n<br \/> <br \/>\nProizvodnja, ugradnja i odr\u017eavanje aluminijumskih rolo i segmentnih gara\u017enih vrata sa termoizolacijom i automatikom. Motori renomiranih proizvo\u0111a\u010da Somfy ili Acm na bravu, prekida\u010d ili daljinsko upravljanje.<br \/>\n<br \/> <br \/>\nProizvodnja i ugradnja za\u0161titnih alu i \u010deli\u010dnih roletni za lokale i radnje na bravu ili daljinsko upravljanje sa pogonskim motorima Acm i Somfy.<br \/> <br \/>\n<iframe loading=\"lazy\" class=\"aligncenter size-full\" width=\"544\" height=\"435\" src=\"https:\/\/www.youtube.com\/embed\/niMfRqICPPk\" frameborder=\"0\" allowfullscreen><\/iframe><\/p>\n","protected":false},"excerpt":{"rendered":"<p>Firma Pro Mont Constructing i na\u0161e usluge Nalazimo se u Beogradu i ve\u0107 dugi niz godina poslujemo na na\u0161im prostorima, kako u segmentima Pvc stolarije a tako i Aluminijumske stolarije. Dugogodi\u0161nje iskustvo i zadovoljni klijenti su najbolja preporuka o kvalitetu na\u0161ih proizvoda koji imaju desetogodi\u0161nju garanciju. Na\u0161e usluge smo u mogu\u0107nosti da ponudimo na teritoriji&hellip;<\/p>\n","protected":false},"author":1,"featured_media":0,"parent":0,"menu_order":0,"comment_status":"closed","ping_status":"closed","template":"","meta":[],"_links":{"self":[{"href":"https:\/\/www.pvcmajstor.com\/index.php?rest_route=\/wp\/v2\/pages\/1560"}],"collection":[{"href":"https:\/\/www.pvcmajstor.com\/index.php?rest_route=\/wp\/v2\/pages"}],"about":[{"href":"https:\/\/www.pvcmajstor.com\/index.php?rest_route=\/wp\/v2\/types\/page"}],"author":[{"embeddable":true,"href":"https:\/\/www.pvcmajstor.com\/index.php?rest_route=\/wp\/v2\/users\/1"}],"replies":[{"embeddable":true,"href":"https:\/\/www.pvcmajstor.com\/index.php?rest_route=%2Fwp%2Fv2%2Fcomments&post=1560"}],"version-history":[{"count":13,"href":"https:\/\/www.pvcmajstor.com\/index.php?rest_route=\/wp\/v2\/pages\/1560\/revisions"}],"predecessor-version":[{"id":1695,"href":"https:\/\/www.pvcmajstor.com\/index.php?rest_route=\/wp\/v2\/pages\/1560\/revisions\/1695"}],"wp:attachment":[{"href":"https:\/\/www.pvcmajstor.com\/index.php?rest_route=%2Fwp%2Fv2%2Fmedia&parent=1560"}],"curies":[{"name":"wp","href":"https:\/\/api.w.org\/{rel}","templated":true}]}}