{"id":1566,"date":"2017-04-15T08:50:38","date_gmt":"2017-04-15T08:50:38","guid":{"rendered":"https:\/\/www.pvcmajstor.com\/?page_id=1566"},"modified":"2017-12-19T11:19:38","modified_gmt":"2017-12-19T11:19:38","slug":"reference-i-ugovori-o-odrzavanju","status":"publish","type":"page","link":"https:\/\/www.pvcmajstor.com\/?page_id=1566","title":{"rendered":"Reference i ugovori o odr\u017eavanju"},"content":{"rendered":"<h3>Reference i ugovori o odr\u017eavanju:<\/h3>\n<p> <\/p>\n<div id=\"gk-top1\">\n<div class=\"widget-area\">\n<div id=\"text-12\" class=\"box  widget_text col6 nth1 last3\">\n<section class=\"content\">\n<p class=\"gk-numblock\" data-style=\"style3\"><span>01<\/span><strong>Izo Ekomont<\/strong><\/p>\n<p class=\"gk-numblock\" data-style=\"style3\"><span>02<\/span><strong>Protehel Beograd<\/strong><\/p>\n<p class=\"gk-numblock\" data-style=\"style3\"><span>03<\/span><strong>Bambi<\/strong><\/p>\n<p class=\"gk-numblock\" data-style=\"style3\"><span>04<\/span><strong>NS &#8222;Kolubara&#8220; Lazarevac<\/strong><\/p>\n<p class=\"gk-numblock\" data-style=\"style3\"><span>05<\/span><strong>RMS \u0110or\u0111evi\u0107<\/strong><\/p>\n<p class=\"gk-numblock\" data-style=\"style3\"><span>06<\/span><strong>MD Evropa<\/strong><\/p>\n<p class=\"gk-numblock\" data-style=\"style3\"><span>07<\/span><strong>Gradnja Nikoli\u0107<\/strong><\/p>\n<p class=\"gk-numblock\" data-style=\"style3\"><span>08<\/span><strong>O\u0160 Svetozar Markovi\u0107<\/strong><\/p>\n<p class=\"gk-numblock\" data-style=\"style3\"><span>09<\/span><strong>Vuk\u0161a In\u017eenjering<\/strong><\/p>\n<p class=\"gk-numblock\" data-style=\"style3\"><span>10<\/span><strong>Vra\u010dar GP<\/strong><\/p>\n<p class=\"gk-numblock\" data-style=\"style3\"><span>11<\/span><strong>Evropa Constructing<\/strong><\/p>\n<p class=\"gk-numblock\" data-style=\"style3\"><span>12<\/span><strong>Ac Komerc<\/strong><\/p>\n<p class=\"gk-numblock\" data-style=\"style3\"><span>13<\/span><strong>Extrim Gym<\/strong><\/p>\n<p class=\"gk-numblock\" data-style=\"style3\"><span>14<\/span><strong>Fitnes Club AS<\/strong><\/p>\n<p class=\"gk-numblock\" data-style=\"style3\"><span>15<\/span><strong>IBS<\/strong><\/p>\n<\/section>\n<\/div>\n<div id=\"text-11\" class=\"box  widget_text col6 nth2 last3\">\n<section class=\"content\">\n<p class=\"gk-numblock\" data-style=\"style3\"><span>16<\/span><strong>Unilek<\/strong><\/p>\n<p class=\"gk-numblock\" data-style=\"style3\"><span>17<\/span><strong>Radulovi\u0107<\/strong><\/p>\n<p class=\"gk-numblock\" data-style=\"style3\"><span>18<\/span><strong>Srem Gradnja<\/strong><\/p>\n<p class=\"gk-numblock\" data-style=\"style3\"><span>19<\/span><strong>Kale Company<\/strong><\/p>\n<p class=\"gk-numblock\" data-style=\"style3\"><span>20<\/span><strong>Aleksandra Rojal<\/strong><\/p>\n<p class=\"gk-numblock\" data-style=\"style3\"><span>21<\/span><strong>Servis Duki\u0107<\/strong><\/p>\n<p class=\"gk-numblock\" data-style=\"style3\"><span>22<\/span><strong>GP Bjelac<\/strong><\/p>\n<p class=\"gk-numblock\" data-style=\"style3\"><span>23<\/span><strong>Sale Mladenovi\u0107<\/strong><\/p>\n<p class=\"gk-numblock\" data-style=\"style3\"><span>24<\/span><strong>Hotel Boban Para\u0107in<\/strong><\/p>\n<p class=\"gk-numblock\" data-style=\"style3\"><span>25<\/span><strong>Belcom Trade<\/strong><\/p>\n<p class=\"gk-numblock\" data-style=\"style3\"><span>26<\/span><strong>Dekoteks Trade<\/strong><\/p>\n<p class=\"gk-numblock\" data-style=\"style3\"><span>27<\/span><strong>Dabovina GP<\/strong><\/p>\n<p class=\"gk-numblock\" data-style=\"style3\"><span>28<\/span><strong>Buli\u0111a \u017deljko<\/strong><\/p>\n<p class=\"gk-numblock\" data-style=\"style3\"><span>29<\/span><strong>SZR Podkonjak<\/strong><\/p>\n<p class=\"gk-numblock\" data-style=\"style3\"><span>30<\/span><strong>Dass In\u017eenjering<\/strong><\/p>\n<\/section>\n<\/div>\n<div id=\"text-10\" class=\"box  widget_text col6 nth3 last3\">\n<section class=\"content\">\n<p class=\"gk-numblock\" data-style=\"style3\"><span>31<\/span><strong>Hram 032<\/strong><\/p>\n<p class=\"gk-numblock\" data-style=\"style3\"><span>32<\/span><strong>Prvi Faktor<\/strong><\/p>\n<p class=\"gk-numblock\" data-style=\"style3\"><span>33<\/span><strong>Geo in\u010d<\/strong><\/p>\n<p class=\"gk-numblock\" data-style=\"style3\"><span>34<\/span><strong>Pekara Jakovljevi\u0107<\/strong><\/p>\n<p class=\"gk-numblock\" data-style=\"style3\"><span>35<\/span><strong>Servis Plus \u017deleznik<\/strong><\/p>\n<p class=\"gk-numblock\" data-style=\"style3\"><span>36<\/span><strong>Servis Kia \u0110or\u0111evi\u0107<\/strong><\/p>\n<p class=\"gk-numblock\" data-style=\"style3\"><span>37<\/span><strong>Grejko<\/strong><\/p>\n<p class=\"gk-numblock\" data-style=\"style3\"><span>38<\/span><strong>Ars 011<\/strong><\/p>\n<p class=\"gk-numblock\" data-style=\"style3\"><span>39<\/span><strong>Gradnja Vujo\u0161evi\u0107<\/strong><\/p>\n<p class=\"gk-numblock\" data-style=\"style3\"><span>40<\/span><strong>Demazo Topola<\/strong><\/p>\n<p class=\"gk-numblock\" data-style=\"style3\"><span>41<\/span><strong>Sezam Lux<\/strong><\/p>\n<p class=\"gk-numblock\" data-style=\"style3\"><span>42<\/span><strong>Auto Servis Tika<\/strong><\/p>\n<p class=\"gk-numblock\" data-style=\"style3\"><span>43<\/span><strong>Proadapta<\/strong><\/p>\n<\/section>\n<\/div>\n<\/div>\n<\/div>\n","protected":false},"excerpt":{"rendered":"<p>Reference i ugovori o odr\u017eavanju: 01Izo Ekomont 02Protehel Beograd 03Bambi 04NS &#8222;Kolubara&#8220; Lazarevac 05RMS \u0110or\u0111evi\u0107 06MD Evropa 07Gradnja Nikoli\u0107 08O\u0160 Svetozar Markovi\u0107 09Vuk\u0161a In\u017eenjering 10Vra\u010dar GP 11Evropa Constructing 12Ac Komerc 13Extrim Gym 14Fitnes Club AS 15IBS 16Unilek 17Radulovi\u0107 18Srem Gradnja 19Kale Company 20Aleksandra Rojal 21Servis Duki\u0107 22GP Bjelac 23Sale Mladenovi\u0107 24Hotel Boban Para\u0107in 25Belcom Trade&hellip;<\/p>\n","protected":false},"author":1,"featured_media":0,"parent":0,"menu_order":0,"comment_status":"closed","ping_status":"closed","template":"","meta":[],"_links":{"self":[{"href":"https:\/\/www.pvcmajstor.com\/index.php?rest_route=\/wp\/v2\/pages\/1566"}],"collection":[{"href":"https:\/\/www.pvcmajstor.com\/index.php?rest_route=\/wp\/v2\/pages"}],"about":[{"href":"https:\/\/www.pvcmajstor.com\/index.php?rest_route=\/wp\/v2\/types\/page"}],"author":[{"embeddable":true,"href":"https:\/\/www.pvcmajstor.com\/index.php?rest_route=\/wp\/v2\/users\/1"}],"replies":[{"embeddable":true,"href":"https:\/\/www.pvcmajstor.com\/index.php?rest_route=%2Fwp%2Fv2%2Fcomments&post=1566"}],"version-history":[{"count":16,"href":"https:\/\/www.pvcmajstor.com\/index.php?rest_route=\/wp\/v2\/pages\/1566\/revisions"}],"predecessor-version":[{"id":1700,"href":"https:\/\/www.pvcmajstor.com\/index.php?rest_route=\/wp\/v2\/pages\/1566\/revisions\/1700"}],"wp:attachment":[{"href":"https:\/\/www.pvcmajstor.com\/index.php?rest_route=%2Fwp%2Fv2%2Fmedia&parent=1566"}],"curies":[{"name":"wp","href":"https:\/\/api.w.org\/{rel}","templated":true}]}}