{"id":1582,"date":"2017-04-15T09:26:40","date_gmt":"2017-04-15T09:26:40","guid":{"rendered":"https:\/\/www.pvcmajstor.com\/?page_id=1582"},"modified":"2017-12-19T11:24:48","modified_gmt":"2017-12-19T11:24:48","slug":"za-saradnike","status":"publish","type":"page","link":"https:\/\/www.pvcmajstor.com\/?page_id=1582","title":{"rendered":"Za Saradnike"},"content":{"rendered":"<h3>Za saradnike<\/h3>\n<p> <br \/>\n<img class=\"aligncenter size-full\" src=\"\/wp-content\/uploads\/2017\/04\/usluzna-izrada-pvc-alu-stolarije-beograd.jpg\"\/><br \/> <br \/>\nZa na\u0161e saradnike, partnere u poslu &#8211; firme i pojedince koje se bave adaptacijom objekata i ugradnjom stolarije. Kompanija Pro Mont maksimalno izlazi u susret i odobrava rabat po koli\u010dini ostvarenog prometa na mese\u010dnom i godi\u0161njem nivou. U okviru partnerskog odnosa, profesionalni i individualni kupci na\u0161u stolariju mogu poru\u010diti i preuzeti bez tro\u0161kova transporta i ugradnje.<br \/>\n<br \/> <br \/>\nPosebne pogodnosti odobravamo za investitore i gra\u0111evinare, javite nam se da se dogovorimo!<br \/> <br \/>\nPro Mont Constructing<br \/> <br \/>\n<iframe loading=\"lazy\" class=\"aligncenter size-full\" width=\"544\" height=\"435\" src=\"https:\/\/www.youtube.com\/embed\/niMfRqICPPk\" frameborder=\"0\" allowfullscreen><\/iframe><\/p>\n","protected":false},"excerpt":{"rendered":"<p>Za saradnike Za na\u0161e saradnike, partnere u poslu &#8211; firme i pojedince koje se bave adaptacijom objekata i ugradnjom stolarije. Kompanija Pro Mont maksimalno izlazi u susret i odobrava rabat po koli\u010dini ostvarenog prometa na mese\u010dnom i godi\u0161njem nivou. U okviru partnerskog odnosa, profesionalni i individualni kupci na\u0161u stolariju mogu poru\u010diti i preuzeti bez tro\u0161kova&hellip;<\/p>\n","protected":false},"author":1,"featured_media":0,"parent":0,"menu_order":0,"comment_status":"closed","ping_status":"closed","template":"","meta":[],"_links":{"self":[{"href":"https:\/\/www.pvcmajstor.com\/index.php?rest_route=\/wp\/v2\/pages\/1582"}],"collection":[{"href":"https:\/\/www.pvcmajstor.com\/index.php?rest_route=\/wp\/v2\/pages"}],"about":[{"href":"https:\/\/www.pvcmajstor.com\/index.php?rest_route=\/wp\/v2\/types\/page"}],"author":[{"embeddable":true,"href":"https:\/\/www.pvcmajstor.com\/index.php?rest_route=\/wp\/v2\/users\/1"}],"replies":[{"embeddable":true,"href":"https:\/\/www.pvcmajstor.com\/index.php?rest_route=%2Fwp%2Fv2%2Fcomments&post=1582"}],"version-history":[{"count":4,"href":"https:\/\/www.pvcmajstor.com\/index.php?rest_route=\/wp\/v2\/pages\/1582\/revisions"}],"predecessor-version":[{"id":1707,"href":"https:\/\/www.pvcmajstor.com\/index.php?rest_route=\/wp\/v2\/pages\/1582\/revisions\/1707"}],"wp:attachment":[{"href":"https:\/\/www.pvcmajstor.com\/index.php?rest_route=%2Fwp%2Fv2%2Fmedia&parent=1582"}],"curies":[{"name":"wp","href":"https:\/\/api.w.org\/{rel}","templated":true}]}}