{"id":1614,"date":"2017-04-20T12:55:38","date_gmt":"2017-04-20T12:55:38","guid":{"rendered":"https:\/\/www.pvcmajstor.com\/?page_id=1614"},"modified":"2017-12-19T11:16:22","modified_gmt":"2017-12-19T11:16:22","slug":"garancija","status":"publish","type":"page","link":"https:\/\/www.pvcmajstor.com\/?page_id=1614","title":{"rendered":"Garancija"},"content":{"rendered":"<h3>Garancija na na\u0161e proizvode i usluge<\/h3>\n<p> <br \/>\n<img class=\"aligncenter size-full\" src=\"\/wp-content\/uploads\/2017\/04\/piktogramgarancija.png\"\/><br \/> <br \/>\nPro Mont koristi materijale poznatih svetskih i doma\u0107ih proizvo\u0111a\u010da koji imaju dugogodi\u0161nji ugled u proizvodnji.<br \/>\nU svim fazama, dakle od nabavke materijala preko proizvodnje i transporta do ugranje, se trudimo da proizvode koje isporu\u010dujemo kupcima budu najvi\u0161eg kvaliteta. <\/p>\n<p>Garantujemo da \u0107emo besplatno popraviti ili zameniti sve poizvode koju spadaju u na\u0161u garanciju u najkra\u0107em mogu\u0107em roku. <\/p>\n<p>10-godina garancije dajemo na: <\/p>\n<p>otpornost od vremenskih uticaja vezanih za promenu boje, lju\u0161tenje boje, stvaranja pukotina i izobli\u010denja na: pvc profilima i aluminijskim profilima.<br \/>\nPVC ukrasne panele (punjenja za vrata) u beloj boji.<br \/> <br \/>\naluminijumske ukrasne panele(punjenja za vrata).<br \/> <br \/>\nHPL ukrasne panele(punjenja za vrata). <\/p>\n<p>5-godina garancije dajemo na:<br \/> <br \/>\nRoto i Stublina okove za Pvc i Alu stolariju.<br \/> <br \/>\nAluminijumske i pvc roletne<br \/> <br \/>\npogonske motore ACM, Somfy, Bios<br \/> <br \/>\nzamagljivanje izme\u0111u stakala kod IZO sistema.  <\/p>\n<p>2- godie garancije dajemo na:<br \/> <br \/>\nSigurnosna vrata. <\/p>\n<p>Dve godine na sve poslove vezane za adaptacije stambenih i poslovnih objekata po sistemu klju\u010d u ruke.<\/p>\n","protected":false},"excerpt":{"rendered":"<p>Garancija na na\u0161e proizvode i usluge Pro Mont koristi materijale poznatih svetskih i doma\u0107ih proizvo\u0111a\u010da koji imaju dugogodi\u0161nji ugled u proizvodnji. U svim fazama, dakle od nabavke materijala preko proizvodnje i transporta do ugranje, se trudimo da proizvode koje isporu\u010dujemo kupcima budu najvi\u0161eg kvaliteta. Garantujemo da \u0107emo besplatno popraviti ili zameniti sve poizvode koju spadaju&hellip;<\/p>\n","protected":false},"author":1,"featured_media":0,"parent":0,"menu_order":0,"comment_status":"closed","ping_status":"closed","template":"","meta":[],"_links":{"self":[{"href":"https:\/\/www.pvcmajstor.com\/index.php?rest_route=\/wp\/v2\/pages\/1614"}],"collection":[{"href":"https:\/\/www.pvcmajstor.com\/index.php?rest_route=\/wp\/v2\/pages"}],"about":[{"href":"https:\/\/www.pvcmajstor.com\/index.php?rest_route=\/wp\/v2\/types\/page"}],"author":[{"embeddable":true,"href":"https:\/\/www.pvcmajstor.com\/index.php?rest_route=\/wp\/v2\/users\/1"}],"replies":[{"embeddable":true,"href":"https:\/\/www.pvcmajstor.com\/index.php?rest_route=%2Fwp%2Fv2%2Fcomments&post=1614"}],"version-history":[{"count":3,"href":"https:\/\/www.pvcmajstor.com\/index.php?rest_route=\/wp\/v2\/pages\/1614\/revisions"}],"predecessor-version":[{"id":1716,"href":"https:\/\/www.pvcmajstor.com\/index.php?rest_route=\/wp\/v2\/pages\/1614\/revisions\/1716"}],"wp:attachment":[{"href":"https:\/\/www.pvcmajstor.com\/index.php?rest_route=%2Fwp%2Fv2%2Fmedia&parent=1614"}],"curies":[{"name":"wp","href":"https:\/\/api.w.org\/{rel}","templated":true}]}}