{"id":1618,"date":"2017-04-20T13:12:27","date_gmt":"2017-04-20T13:12:27","guid":{"rendered":"https:\/\/www.pvcmajstor.com\/?page_id=1618"},"modified":"2017-12-19T11:21:17","modified_gmt":"2017-12-19T11:21:17","slug":"servisiranje-i-odrzavanje","status":"publish","type":"page","link":"https:\/\/www.pvcmajstor.com\/?page_id=1618","title":{"rendered":"Servisiranje i odr\u017eavanje"},"content":{"rendered":"<h3>Servisiranje i odr\u017eavanje<\/h3>\n<p> <br \/>\n<img class=\"aligncenter size-full\" src=\"\/wp-content\/uploads\/2017\/04\/piktogramservisiranje.png\"\/><br \/> <br \/>\nServisiranje i odr\u017eavanje prozora je u principu jako jednostavan proces koji mo\u017eete i sami raditi. Posle ugradnje stolarije, potrebno je skinuti za\u0161titne folije u roku od 15 dana sa povr\u0161ina kako se one ne bi pod dejstvom sunca zalepile. Povremeno je potrebno prebrisati prozore magi\u010dnom krpom blago navla\u017eenom sa vodom ili blagim deterd\u017eentom.<br \/>\nNikako nije preporu\u010dljivo strugati ih kuhinjskom \u017eicom ili grubom stranom sun\u0111era kako se nebi o\u0161tetila povr\u0161ina plastike ili plastifikacija stolarije. Nemojte nikada koristiti za brisanje stolarije sredstva poput razre\u0111iva\u010da ili neke druge jake hemije. <\/p>\n<p>Gumice za zaptivanje prozora bi mogli namazati glicerinom koji se kupuje u apotekama i na taj na\u010din im pobolj\u0161ati funkcionalnost. Okovi se mogu po potrebi podmazati silikonskim sprejom. <\/p>\n<p>Ukoliko do\u0111e do bilo kakvog nepravilnog rada stolarije, potrebno je nazvati servisnu slu\u017ebu kako bi se problem otklonio u \u0161to kra\u0107em periodu i na taj na\u010din izbegla ve\u0107a o\u0161te\u0107enja stolarije. <\/p>\n<p>Ako do\u0111e do bilo kakvog problema u funkcionisanju sigurnosnih vrata, na\u0161 serviser \u0107e u najkra\u0107em roku do\u0107i i re\u0161iti problem. Od 0-24 sata dostupan putem telefona: 061 236 2295<br \/> <br \/>\n<iframe loading=\"lazy\" class=\"aligncenter size-full\" width=\"544\" height=\"435\" src=\"https:\/\/www.youtube.com\/embed\/D4IdNkf7ooI\" frameborder=\"0\" allowfullscreen><\/iframe><\/p>\n","protected":false},"excerpt":{"rendered":"<p>Servisiranje i odr\u017eavanje Servisiranje i odr\u017eavanje prozora je u principu jako jednostavan proces koji mo\u017eete i sami raditi. Posle ugradnje stolarije, potrebno je skinuti za\u0161titne folije u roku od 15 dana sa povr\u0161ina kako se one ne bi pod dejstvom sunca zalepile. Povremeno je potrebno prebrisati prozore magi\u010dnom krpom blago navla\u017eenom sa vodom ili blagim&hellip;<\/p>\n","protected":false},"author":1,"featured_media":0,"parent":0,"menu_order":0,"comment_status":"closed","ping_status":"closed","template":"","meta":[],"_links":{"self":[{"href":"https:\/\/www.pvcmajstor.com\/index.php?rest_route=\/wp\/v2\/pages\/1618"}],"collection":[{"href":"https:\/\/www.pvcmajstor.com\/index.php?rest_route=\/wp\/v2\/pages"}],"about":[{"href":"https:\/\/www.pvcmajstor.com\/index.php?rest_route=\/wp\/v2\/types\/page"}],"author":[{"embeddable":true,"href":"https:\/\/www.pvcmajstor.com\/index.php?rest_route=\/wp\/v2\/users\/1"}],"replies":[{"embeddable":true,"href":"https:\/\/www.pvcmajstor.com\/index.php?rest_route=%2Fwp%2Fv2%2Fcomments&post=1618"}],"version-history":[{"count":4,"href":"https:\/\/www.pvcmajstor.com\/index.php?rest_route=\/wp\/v2\/pages\/1618\/revisions"}],"predecessor-version":[{"id":1719,"href":"https:\/\/www.pvcmajstor.com\/index.php?rest_route=\/wp\/v2\/pages\/1618\/revisions\/1719"}],"wp:attachment":[{"href":"https:\/\/www.pvcmajstor.com\/index.php?rest_route=%2Fwp%2Fv2%2Fmedia&parent=1618"}],"curies":[{"name":"wp","href":"https:\/\/api.w.org\/{rel}","templated":true}]}}