{"id":1629,"date":"2017-04-20T13:57:54","date_gmt":"2017-04-20T13:57:54","guid":{"rendered":"https:\/\/www.pvcmajstor.com\/?page_id=1629"},"modified":"2017-12-19T11:25:46","modified_gmt":"2017-12-19T11:25:46","slug":"zatrazite-ponudu","status":"publish","type":"page","link":"https:\/\/www.pvcmajstor.com\/?page_id=1629","title":{"rendered":"Zatra\u017eite ponudu"},"content":{"rendered":"<h3>Zatra\u017eite ponudu<\/h3>\n<p> <br \/>\n<img class=\"aligncenter size-full\" src=\"\/wp-content\/uploads\/2017\/04\/piktogramgarancija-1.png\"\/><br \/> <br \/>\nPo\u0161to ste izmerili veli\u010dine otvora, mo\u017eete da zatra\u017eite ponudu za izradu stolarije. Odaberite \u0161ta vas interesuje i mi \u0107emo vam dati ponude.<br \/> <br \/>\nNa ovaj na\u010din \u0107ete znatno ubrzati proces odlu\u010divanja. Ukoliko pristanete na na\u0161u ponudu, u dogovorenom terminu \u0107e do\u0107i na\u0161a stru\u010dna osoba i uzeti precizne mere za izradu nove stolarije. <\/p>\n<div class=\"contactpage\">\n<div class=\"intro\">\n<div class=\"contact-info\">\n<div>EMAIL:<br \/>\n<a href=\"mailto:promont.office@gmail.com\">promont.office@gmail.com<\/a><\/div>\n<\/div>\n<div role=\"form\" class=\"wpcf7\" id=\"wpcf7-f1628-o1\" lang=\"en-US\" dir=\"ltr\">\n<div class=\"screen-reader-response\"><\/div>\n<form action=\"\/index.php?rest_route=%2Fwp%2Fv2%2Fpages%2F1629#wpcf7-f1628-o1\" method=\"post\" class=\"wpcf7-form\" novalidate=\"novalidate\">\n<div style=\"display: none;\">\n<input type=\"hidden\" name=\"_wpcf7\" value=\"1628\" \/>\n<input type=\"hidden\" name=\"_wpcf7_version\" value=\"5.0\" \/>\n<input type=\"hidden\" name=\"_wpcf7_locale\" value=\"en_US\" \/>\n<input type=\"hidden\" name=\"_wpcf7_unit_tag\" value=\"wpcf7-f1628-o1\" \/>\n<input type=\"hidden\" name=\"_wpcf7_container_post\" value=\"0\" \/>\n<\/div>\n<div id=\"gk-contact\">\n<dl>\n<dt><label>Va\u0161e Ime i Prezime (obavezno polje)<\/label>\n<dt>\n<dd><span class=\"wpcf7-form-control-wrap your-name\"><input type=\"text\" name=\"your-name\" value=\"\" size=\"40\" class=\"wpcf7-form-control wpcf7-text wpcf7-validates-as-required\" aria-required=\"true\" aria-invalid=\"false\" \/><\/span><\/dd>\n<dt><label>Va\u0161 \u0435-mail (obavezno polje)<\/label>\n<dt>\n<dd><span class=\"wpcf7-form-control-wrap your-email\"><input type=\"email\" name=\"your-email\" value=\"\" size=\"40\" class=\"wpcf7-form-control wpcf7-text wpcf7-email wpcf7-validates-as-required wpcf7-validates-as-email\" aria-required=\"true\" aria-invalid=\"false\" \/><\/span><\/dd>\n<dt><label>Naslov (obavezno polje)<\/label>\n<dt>\n<dd><span class=\"wpcf7-form-control-wrap your-subject\"><input type=\"text\" name=\"your-subject\" value=\"\" size=\"40\" class=\"wpcf7-form-control wpcf7-text wpcf7-validates-as-required\" aria-required=\"true\" aria-invalid=\"false\" \/><\/span><\/dd>\n<dt><label>Va\u0161a Ponuda (obavezno polje)<\/label>\n<dt>\n<dd><span class=\"wpcf7-form-control-wrap your-message\"><textarea name=\"your-message\" cols=\"40\" rows=\"10\" class=\"wpcf7-form-control wpcf7-textarea wpcf7-validates-as-required\" aria-required=\"true\" aria-invalid=\"false\"><\/textarea><\/span><\/dd>\n<p><input type=\"submit\" value=\"Po\u0161alji\" class=\"wpcf7-form-control wpcf7-submit\" \/>\n<\/dl>\n<\/div>\n<div class=\"wpcf7-response-output wpcf7-display-none\"><\/div><\/form><\/div>\n","protected":false},"excerpt":{"rendered":"<p>Zatra\u017eite ponudu Po\u0161to ste izmerili veli\u010dine otvora, mo\u017eete da zatra\u017eite ponudu za izradu stolarije. Odaberite \u0161ta vas interesuje i mi \u0107emo vam dati ponude. Na ovaj na\u010din \u0107ete znatno ubrzati proces odlu\u010divanja. Ukoliko pristanete na na\u0161u ponudu, u dogovorenom terminu \u0107e do\u0107i na\u0161a stru\u010dna osoba i uzeti precizne mere za izradu nove stolarije. EMAIL: promont.office@gmail.com&hellip;<\/p>\n","protected":false},"author":1,"featured_media":0,"parent":0,"menu_order":0,"comment_status":"closed","ping_status":"closed","template":"","meta":[],"_links":{"self":[{"href":"https:\/\/www.pvcmajstor.com\/index.php?rest_route=\/wp\/v2\/pages\/1629"}],"collection":[{"href":"https:\/\/www.pvcmajstor.com\/index.php?rest_route=\/wp\/v2\/pages"}],"about":[{"href":"https:\/\/www.pvcmajstor.com\/index.php?rest_route=\/wp\/v2\/types\/page"}],"author":[{"embeddable":true,"href":"https:\/\/www.pvcmajstor.com\/index.php?rest_route=\/wp\/v2\/users\/1"}],"replies":[{"embeddable":true,"href":"https:\/\/www.pvcmajstor.com\/index.php?rest_route=%2Fwp%2Fv2%2Fcomments&post=1629"}],"version-history":[{"count":6,"href":"https:\/\/www.pvcmajstor.com\/index.php?rest_route=\/wp\/v2\/pages\/1629\/revisions"}],"predecessor-version":[{"id":1732,"href":"https:\/\/www.pvcmajstor.com\/index.php?rest_route=\/wp\/v2\/pages\/1629\/revisions\/1732"}],"wp:attachment":[{"href":"https:\/\/www.pvcmajstor.com\/index.php?rest_route=%2Fwp%2Fv2%2Fmedia&parent=1629"}],"curies":[{"name":"wp","href":"https:\/\/api.w.org\/{rel}","templated":true}]}}