{"id":1636,"date":"2017-04-25T20:35:19","date_gmt":"2017-04-25T20:35:19","guid":{"rendered":"https:\/\/www.pvcmajstor.com\/?page_id=1636"},"modified":"2017-12-19T11:19:22","modified_gmt":"2017-12-19T11:19:22","slug":"pvc-stolarija","status":"publish","type":"page","link":"https:\/\/www.pvcmajstor.com\/?page_id=1636","title":{"rendered":"PVC stolarija"},"content":{"rendered":"<h3>PVC stolarija:<\/h3>\n<p> <br \/>\nVa\u017ean aspekt PVC prozora je njegov dug vek primene. Ispitivanja PVC prozora pokazuju da prozorski profili imaju zadovoljavaju\u0107e osobine i posle trideset godina kori\u0161\u0107enja. PVC se odlikuju trajno\u0161\u0107u i preko tridesetpetogodi\u0161nje iskustvo pokazuje da je promena boje posebno belih profila veoma mala. Iako je najvi\u0161e prozorskih profila obojeno u belo, tako\u0111e se mogu proizvoditi profili u \u0161irokoj oblasti boja. U nekim slu\u010dajevima zavr\u0161ne boje mogu biti takve kao \u0161to je zrnasto drvo, koje se dobijaju prevla\u010denjem profila sa folijom otpornom na vremenske uticaje. Drugi metod za proizvodnju trajno postojanih boja je koekstruzija gde se navla\u010di tanki sloj plastike otporne na vremenske uticaje na povr\u0161inu profila. Obojeni profili su pogodni u zemljama sa umerenim klimatskim uslovima. Od profila se proizvode prozorski ramovi procesom toplog zavarivanja. Na ovaj na\u010din osobine termoplasta prave izuzetno visoki kvalitet zavara. PVC profili tako\u0111e imaju izvrsnu hemijsku otpornost prema \u0161irokom spektru materijala uklju\u010duju\u0107i alkohole, sapune, razre\u0111ene kiseline, alkalne rastvara\u010de, deterd\u017eente i naftu. Sertifikovana u kategoriji GROUP 2.2 po DIN 4108 i klasi C po din 18055-EN 42-EN 77-EN 86-EN 107. Serija profila omogu\u0107ava upotrebu mehanizma za zabravljivanje od 16mm poslednje tehnologije i najbolji odnos kvalitet\/cena na tr\u017ei\u0161tu.<br \/> <br \/>\n<img class=\"aligncenter size-full\" src=\"\/wp-content\/uploads\/2017\/04\/sestokomorni-pvc-prozori-roloplast.jpg\"\/><br \/> <br \/>\n\u0160estokomorni i petokomorni Pvc prozori i balkonska vrata izra\u0111eni od Roloplast profila u vi\u0161e boja i dezena. Uz upotrebu niskoemisionog stakla pru\u017eaju najoptimalnije re\u0161enje za dugi niz godina.<br \/> <br \/>\n<img class=\"aligncenter size-full\" src=\"\/wp-content\/uploads\/2017\/04\/sestokomorni-pvc-roloplast.jpg\"\/><br \/> <br \/>\n<strong>PVC profili Roloplast: sistem 600 sa okovima Roto<\/strong><br \/> <br \/>\nRoloplast profil serije 600 \u0161estokomorni je idealan odnos cene i kvaliteta. PVC formulacije za spoljne profile ima kombinaciju osobina koje su idealne za takve primene. PVC se odlikuje odgovaraju\u0107om elasti\u010dno\u0161\u0107u, otporno\u0161\u0107u na udar na niskim temperaturama, otporno\u0161\u0107u na vremenske uticaje, ne podr\u017eava gorenje i ima nisku toplotnu provodljivost. Ove osobine dozvoljavaju primenu sa dugim radnim \u017eivotom sa efektivnom cenom ko\u0161tanja.<br \/> <br \/>\n<img class=\"aligncenter size-full\" src=\"\/wp-content\/uploads\/2017\/04\/petokomorni-pvc-roloplast-5.jpg\"\/><br \/> <br \/>\n<strong>PVC profili Roloplast: sistem 500 sa okovima Roto<\/strong><br \/> <br \/>\nRoloplast profil serije 500 petokomorni idealni odnos cene naspram kvaliteta trenutno na tr\u017ei\u0161tu. Sistem je sa ugradbenom dubinom od 64,5 mm. Visoka izolacija u cilju sni\u017eavanja tro\u0161kova grijanja i spolja\u0161ne buke. Fiksni sistem zaptivanja na 2 nivoa i \u010deli\u010dna oja\u010danja koja pove\u0107avaju sigurnost. Klasi\u010dan dizajn sa elegantnim oblikom i blago zaobljenim ivicama daje sklad sa svim arhitektonskim stilovima.<br \/> <br \/>\n<img class=\"aligncenter size-full\" src=\"\/wp-content\/uploads\/2017\/04\/salamander-pvc-prozor-stola.jpg\"\/><br \/> <br \/>\n<strong>PVC profili Salamander Streamline AD: petokomorni i \u0161estokomorni profili sa Roto okovima.<\/strong><br \/> <br \/>\nRenomirani nema\u010dki proizvo\u0111a\u010d je garancija kvaliteta. Salamander profil alpsko belih povr\u0161ina sa pet ili \u0161est komora dva ili tri uvu\u010dena dihtunga specijalne konstrukcije \u2013 trajno elasti\u010dni u profilu, omogu\u0107ava optimalno spre\u010davanje prodora vode, vetra, visoke i niske temperature. Dubina ugradnje profila je 76mm \u0161to odgovara visokim zahtevima propisa EnEv o u\u0161tedi energije. Potrebno je i napomenuti da su \u0161tok i krilo armirani prema potrebama statike, \u010deli\u010dnim pocinkovanim profilom debljine zida 1,5 mm<br \/> <br \/>\n<iframe loading=\"lazy\" class=\"aligncenter size-full\" width=\"544\" height=\"435\" src=\"https:\/\/www.youtube.com\/embed\/vsdahjHsxrk\" frameborder=\"0\" allowfullscreen><\/iframe><br \/> <br \/>\n<iframe loading=\"lazy\" class=\"aligncenter size-full\" width=\"544\" height=\"435\" src=\"https:\/\/www.youtube.com\/embed\/c3soK6Gtv78\" frameborder=\"0\" allowfullscreen><\/iframe><\/p>\n","protected":false},"excerpt":{"rendered":"<p>PVC stolarija: Va\u017ean aspekt PVC prozora je njegov dug vek primene. Ispitivanja PVC prozora pokazuju da prozorski profili imaju zadovoljavaju\u0107e osobine i posle trideset godina kori\u0161\u0107enja. PVC se odlikuju trajno\u0161\u0107u i preko tridesetpetogodi\u0161nje iskustvo pokazuje da je promena boje posebno belih profila veoma mala. Iako je najvi\u0161e prozorskih profila obojeno u belo, tako\u0111e se mogu&hellip;<\/p>\n","protected":false},"author":1,"featured_media":0,"parent":0,"menu_order":0,"comment_status":"closed","ping_status":"closed","template":"","meta":[],"_links":{"self":[{"href":"https:\/\/www.pvcmajstor.com\/index.php?rest_route=\/wp\/v2\/pages\/1636"}],"collection":[{"href":"https:\/\/www.pvcmajstor.com\/index.php?rest_route=\/wp\/v2\/pages"}],"about":[{"href":"https:\/\/www.pvcmajstor.com\/index.php?rest_route=\/wp\/v2\/types\/page"}],"author":[{"embeddable":true,"href":"https:\/\/www.pvcmajstor.com\/index.php?rest_route=\/wp\/v2\/users\/1"}],"replies":[{"embeddable":true,"href":"https:\/\/www.pvcmajstor.com\/index.php?rest_route=%2Fwp%2Fv2%2Fcomments&post=1636"}],"version-history":[{"count":3,"href":"https:\/\/www.pvcmajstor.com\/index.php?rest_route=\/wp\/v2\/pages\/1636\/revisions"}],"predecessor-version":[{"id":1738,"href":"https:\/\/www.pvcmajstor.com\/index.php?rest_route=\/wp\/v2\/pages\/1636\/revisions\/1738"}],"wp:attachment":[{"href":"https:\/\/www.pvcmajstor.com\/index.php?rest_route=%2Fwp%2Fv2%2Fmedia&parent=1636"}],"curies":[{"name":"wp","href":"https:\/\/api.w.org\/{rel}","templated":true}]}}