{"id":1639,"date":"2017-04-25T20:40:44","date_gmt":"2017-04-25T20:40:44","guid":{"rendered":"https:\/\/www.pvcmajstor.com\/?page_id=1639"},"modified":"2017-12-19T11:15:59","modified_gmt":"2017-12-19T11:15:59","slug":"alu-stolarija","status":"publish","type":"page","link":"https:\/\/www.pvcmajstor.com\/?page_id=1639","title":{"rendered":"ALU stolarija"},"content":{"rendered":"<h3>O aluminijumskoj stolariji:<\/h3>\n<p> <br \/>\nUkoliko vam treba \u010dvrsta, postojana i lagana stolarija kojom \u0107ete pokriti ve\u0107e povr\u0161ine, u najve\u0107em broju slu\u010dajeva \u0107ete se odlu\u010diti za aluminijumsku stolariju. Aluminijumska stolarija je idealna za stambene prostore, poslovne, izloge i zastakljivanja terasa i lo\u0111a. Pored pouzdanosti i odli\u010dne izolacione sposobnosti, ona pru\u017ea i estetski do\u017eivljaj jer o\u0161tre i jasne linije kao i visok stepen zavr\u0161ne obrade pru\u017eaju moderan izgled i luksuzan stil va\u0161em objektu. Vrata i prozori se mogu praviti od eloksiranih ili plastificiranih profila, sa ili bez termo prekida, od razli\u010ditih debljina profila, broja komora itd. Savremen izgled i mogu\u0107nost kombinacije i izbora razli\u010ditih profila u smislu geometrijskog izgleda, povr\u0161inske za\u0161tite i dizajna omogu\u0107ila je \u0161iroku primenu aluminijumske stolarije kako u individualnoj stambenoj gradnji tako i u visokogradnji a najvi\u0161e u gradnji poslovnih i industrijskih objekata.<br \/> <br \/>\n<img class=\"aligncenter size-full\" src=\"\/wp-content\/uploads\/2017\/04\/Alumil-termoprekid-M11000.jpg\"\/><br \/> <br \/>\n<strong>Alumil sistem sa termoprekidom M11000 sa okovima Stublina<\/strong><br \/> <br \/>\nMe\u0111u najmodernijim sistemima profila sa termi\u010dkim prekidom za prozore izdvaja se najpopularnija ALUMIL-ova serija na doma\u0107em tr\u017ei\u0161tu. Besprekorno izra\u0111ena do poslednjeg detalja, serija 11000, jedinstveno elegantna i fleksibilna sa modernim i trajnim dizajnom. Prate\u0107i evropske kriterijume kvaliteta, pokriva sada\u0161nje i budu\u0107e na\u010dine rada vrata i prozora. Zasniva se na krilu \u0161irine 78mm i termi\u010dkim prekidom od poliamida \u0161irine 24mm. Odli\u010dna zvu\u010dna izolacija (do 52dB) Dostupno u raznim bojama i dezenima.<br \/> <br \/>\n<img class=\"aligncenter size-full\" src=\"\/wp-content\/uploads\/2017\/04\/alumil-softline-M9400-alust.jpg\"\/><br \/> <br \/>\n<strong>Alumil sistem hladni 9400 sa okovima Stublina<\/strong><br \/> <br \/>\nAluminijumska stolarija i prozori bez takozvanog termoprekida se uglavnom koriste za ostakljivanje unutra\u0161nih elemenata, za ostakljivanje objekata gde nije bitna termo izolacija profila kao i gde su spoljna i unutra\u0161nja temperatura prili\u010dno jednake.U na\u0161oj ponudi se nalaze profil Gr\u010dke kompanije &#8222;Alumil&#8220; M9400 Softline.Ovaj profil je sertifikovan za kvalitet nepropustljivosti vazduha i vode kao i za kvalitet zaptivanja od strane IFT Rosenheim. Dostupno u raznim bojama i dezenima.<br \/> <br \/>\n<img class=\"aligncenter size-full\" src=\"\/wp-content\/uploads\/2017\/04\/Etem-aluminijumski-prozori.jpg\"\/><br \/> <br \/>\n<strong>Etem aluminijumski profil sa Stublina okovima:<\/strong><br \/> <br \/>\n<strong>E41 Niovi, E1000 Alcione, E19 Danai.<\/strong><br \/> <br \/>\nJedan od najboljih okretno nagibnih sistema nove generacije sa pionirskim dizajnom i perfektnim osobinama termo i zvu\u010dne izolacije (poliamid neravnomerne debljine od 24mm \u2013 30mm). Zahvaljuju\u0107i velikom izboru profila, zaobljenog i pravog oblika pokriva sve estetske i funkcionalne potrebe. Specijalnu karakteristiku sistema predstavlja mogu\u0107nost proizvodnje okretno nagibnih vrata i prozora kori\u0161\u0107enjem profila &#8216;skrivenog&#8217; krila. Kod kompleksnih konstrukcija fiksnih i okretno nagibnih ne postoji vidljiva razlika, gledano spolja estetski rezultat ostaje nepromenjen. U skladu sa mi\u0161ljenjem nadle\u017enih Instituta sistem daje savr\u0161ene rezultate u oblastima redukcije buke, vodonepropustljivosti i termoizolacije. Dostupno u raznim bojama i dezenima.<\/p>\n","protected":false},"excerpt":{"rendered":"<p>O aluminijumskoj stolariji: Ukoliko vam treba \u010dvrsta, postojana i lagana stolarija kojom \u0107ete pokriti ve\u0107e povr\u0161ine, u najve\u0107em broju slu\u010dajeva \u0107ete se odlu\u010diti za aluminijumsku stolariju. Aluminijumska stolarija je idealna za stambene prostore, poslovne, izloge i zastakljivanja terasa i lo\u0111a. Pored pouzdanosti i odli\u010dne izolacione sposobnosti, ona pru\u017ea i estetski do\u017eivljaj jer o\u0161tre i jasne&hellip;<\/p>\n","protected":false},"author":1,"featured_media":0,"parent":0,"menu_order":0,"comment_status":"closed","ping_status":"closed","template":"","meta":[],"_links":{"self":[{"href":"https:\/\/www.pvcmajstor.com\/index.php?rest_route=\/wp\/v2\/pages\/1639"}],"collection":[{"href":"https:\/\/www.pvcmajstor.com\/index.php?rest_route=\/wp\/v2\/pages"}],"about":[{"href":"https:\/\/www.pvcmajstor.com\/index.php?rest_route=\/wp\/v2\/types\/page"}],"author":[{"embeddable":true,"href":"https:\/\/www.pvcmajstor.com\/index.php?rest_route=\/wp\/v2\/users\/1"}],"replies":[{"embeddable":true,"href":"https:\/\/www.pvcmajstor.com\/index.php?rest_route=%2Fwp%2Fv2%2Fcomments&post=1639"}],"version-history":[{"count":5,"href":"https:\/\/www.pvcmajstor.com\/index.php?rest_route=\/wp\/v2\/pages\/1639\/revisions"}],"predecessor-version":[{"id":1745,"href":"https:\/\/www.pvcmajstor.com\/index.php?rest_route=\/wp\/v2\/pages\/1639\/revisions\/1745"}],"wp:attachment":[{"href":"https:\/\/www.pvcmajstor.com\/index.php?rest_route=%2Fwp%2Fv2%2Fmedia&parent=1639"}],"curies":[{"name":"wp","href":"https:\/\/api.w.org\/{rel}","templated":true}]}}