{"id":1642,"date":"2017-04-25T20:45:42","date_gmt":"2017-04-25T20:45:42","guid":{"rendered":"https:\/\/www.pvcmajstor.com\/?page_id=1642"},"modified":"2017-12-19T11:23:39","modified_gmt":"2017-12-19T11:23:39","slug":"ulazna-vrata","status":"publish","type":"page","link":"https:\/\/www.pvcmajstor.com\/?page_id=1642","title":{"rendered":"Ulazna vrata"},"content":{"rendered":"<h3>Pvc i aluminijumska ulazna vrata<\/h3>\n<p> <br \/>\n<img class=\"aligncenter size-full\" src=\"\/wp-content\/uploads\/2017\/04\/ulazna-pvc-alu-vrata-dizajn.jpg\"\/><br \/> <br \/>\n<strong>Pvc i Alu ulazna vrata<\/strong> su izra\u0111ena od kvalitetnih profila, izdr\u017eljiva i dugotrajna, otporna na sve atmosferske uticaje. Na\u0161a ulazna vrata se izra\u0111uju po najvi\u0161im standardima Evropske unije. Vrata poseduju kvalitetan odgovaruju\u0107i okov, \u010deli\u010dno oja\u010danje 2-3 mm debljine i profil koji po sastavu i debljine zidova ispunjava sve zahteve sigurnosti i elasti\u010dnosti potrebnih za ulazna vrata.<br \/> <br \/>\n<img class=\"aligncenter size-full\" src=\"\/wp-content\/uploads\/2017\/04\/ulazna-pvc-alu-vrata2.jpg\"\/><br \/> <br \/>\nUlazna vrata poseduju 3 \u0161arke po krilu (svaka nosi 120 kg), petozatvornu bravu i cilindar i sve je nema\u010dke proizvodnje a samim time i zadovoljava Evropske standarde kvaliteta. \u010celi\u010dno oja\u010danje od 2mm debljine spojeno specifi\u010dnim ugaonim spojnicama obezbe\u0111uje \u010dvrstinu.<br \/> <br \/>\n<img class=\"aligncenter size-full\" src=\"\/wp-content\/uploads\/2017\/04\/ulazna-pvc-alu-vrata.jpg\"\/><br \/> <br \/>\nNa\u0161a ulazna vrata imaju dug vek i uz na\u0161 garantni rok od 10 godina odnosno 5 na okove, servis koji je obezbe\u0111en ukoliko do\u0111e do nekih problema. Ulazna vrata koja \u0107e dugo \u010duvati sigurnost i toplinu Va\u0161eg doma.<br \/> <br \/>\n<img class=\"aligncenter size-full\" src=\"\/wp-content\/uploads\/2017\/04\/ulazna-pvc-alu-vrata-dvokrilna.jpg\"\/><br \/> <br \/>\n<strong>Aluminijumska vrata<\/strong> su idealno re\u0161enje za poslovne prostorije, lokale, ali i za stambene objekte. Sama konstrukcija masivnog aluminijumskog profila daje \u010dvrstinu i izdr\u017eljivost vratima na objektima. Ugra\u0111ujemo vrata sa bravom sa pet ta\u010daka zatvaranja i dihtovanja. Ulazna vrata koja \u0107e dugo \u010duvati sigurnost i toplinu Va\u0161eg doma.<br \/> <br \/>\n<img class=\"aligncenter size-full\" src=\"\/wp-content\/uploads\/2017\/04\/Aluminijumska-ulazna-vrata.jpg\"\/><br \/> <br \/>\nVrata na komercijalnim i poslovnim objektima izra\u0111ujemo sa klasi\u010dnim valjak bravama i elektro bravama (sa interfonom). Osim klju\u010dem na\u0161a vrata mo\u017eete otvoriti i magnetnim karticama (kao dodatna opcija).<br \/> <br \/>\n<iframe loading=\"lazy\" class=\"aligncenter size-full\" width=\"544\" height=\"435\" src=\"https:\/\/www.youtube.com\/embed\/mJqrNrXJ9kU\" frameborder=\"0\" allowfullscreen><\/iframe><\/p>\n","protected":false},"excerpt":{"rendered":"<p>Pvc i aluminijumska ulazna vrata Pvc i Alu ulazna vrata su izra\u0111ena od kvalitetnih profila, izdr\u017eljiva i dugotrajna, otporna na sve atmosferske uticaje. Na\u0161a ulazna vrata se izra\u0111uju po najvi\u0161im standardima Evropske unije. Vrata poseduju kvalitetan odgovaruju\u0107i okov, \u010deli\u010dno oja\u010danje 2-3 mm debljine i profil koji po sastavu i debljine zidova ispunjava sve zahteve sigurnosti&hellip;<\/p>\n","protected":false},"author":1,"featured_media":0,"parent":0,"menu_order":0,"comment_status":"closed","ping_status":"closed","template":"","meta":[],"_links":{"self":[{"href":"https:\/\/www.pvcmajstor.com\/index.php?rest_route=\/wp\/v2\/pages\/1642"}],"collection":[{"href":"https:\/\/www.pvcmajstor.com\/index.php?rest_route=\/wp\/v2\/pages"}],"about":[{"href":"https:\/\/www.pvcmajstor.com\/index.php?rest_route=\/wp\/v2\/types\/page"}],"author":[{"embeddable":true,"href":"https:\/\/www.pvcmajstor.com\/index.php?rest_route=\/wp\/v2\/users\/1"}],"replies":[{"embeddable":true,"href":"https:\/\/www.pvcmajstor.com\/index.php?rest_route=%2Fwp%2Fv2%2Fcomments&post=1642"}],"version-history":[{"count":3,"href":"https:\/\/www.pvcmajstor.com\/index.php?rest_route=\/wp\/v2\/pages\/1642\/revisions"}],"predecessor-version":[{"id":1752,"href":"https:\/\/www.pvcmajstor.com\/index.php?rest_route=\/wp\/v2\/pages\/1642\/revisions\/1752"}],"wp:attachment":[{"href":"https:\/\/www.pvcmajstor.com\/index.php?rest_route=%2Fwp%2Fv2%2Fmedia&parent=1642"}],"curies":[{"name":"wp","href":"https:\/\/api.w.org\/{rel}","templated":true}]}}