{"id":1648,"date":"2017-04-25T21:08:04","date_gmt":"2017-04-25T21:08:04","guid":{"rendered":"https:\/\/www.pvcmajstor.com\/?page_id=1648"},"modified":"2017-12-19T11:24:28","modified_gmt":"2017-12-19T11:24:28","slug":"venecijaneri-i-trakaste-zavese","status":"publish","type":"page","link":"https:\/\/www.pvcmajstor.com\/?page_id=1648","title":{"rendered":"Venecijaneri i trakaste zavese"},"content":{"rendered":"<h3>Venecijaneri i trakaste zavese<\/h3>\n<p> <br \/>\n<img class=\"aligncenter size-full\" src=\"\/wp-content\/uploads\/2017\/04\/venecijaneri.jpg\"\/><br \/> <br \/>\n<strong>Venecijaneri<\/strong> su za za\u0161titu od sunca i jednostavnu kontrolu ulaska svetla savr\u0161en izbor. Na ovaj na\u010din obezbe\u0111ujete potpunu privatnost poslovnog prostora ili stana uz maksimalno osvetljenje prostorije. Venecijaneri se mogu ugra\u0111ivati na sve tipove prozora koji postoje ili na nove alu i pvc. \u0160iroka paleta boja, uz mogu\u0107nost izrade nepravilnih oblika poput kosina, unutra\u0161nje \u017ealuzine mogu\u0107e je prilagoditi bilo kojem prostoru.<b><br \/>\n<img class=\"aligncenter size-full\" src=\"\/wp-content\/uploads\/2017\/04\/Venecijaneri1.jpg\"\/><br \/> <br \/>\nSve \u017ealuzine izra\u0111uju se isklju\u010divo po odgovaraju\u0107im dimenzijama, a kratak rok isporuke i jednostavna monta\u017ea, ili na prozorsko krilo ili direktno u profil stakla (iza staklene plo\u010de), \u010dine venecijanere izrazito povoljnim i jednostavnim proizvodom za kvalitetnu za\u0161titu i ure\u0111enje Va\u0161eg \u017eivotnog prostora. Njihova jednostavnost upotrebe i odr\u017eavanja na\u0161le su mesto u mnogim prostorima.<br \/> <br \/>\n<img class=\"aligncenter size-full\" src=\"\/wp-content\/uploads\/2017\/04\/trakaste-zavese.jpg\"\/><br \/> <br \/>\n<strong>Trakaste zavese<\/strong> su pristupa\u010dan i popularan na\u010din za ulep\u0161avanje Va\u0161eg poslovnog prostora ili stanova. Osim \u0161to predstavljaju prakti\u010dno re\u0161enje za blokiranje ili ograni\u010davanje spolja\u0161njeg svetla, obezbe\u0111uju i privatnost. U raznim bojama i dezenima doprinose i estetskom izgledu enterijera. Mogu se nabaviti u materijalima razli\u010ditog tipa, boja i dezena, a sastoje se od traka \u0161irine 13 cm koje se mogu rotirati oko vertikalne ose. Na raspolaganju Vam je izbor izme\u0111u 30 i 40 razli\u010ditih boja i dezena. Trakaste zavese se izra\u0111uju po ta\u010dno odre\u0111enim dimenzijama.<br \/> <br \/>\n<img class=\"aligncenter size-full\" src=\"\/wp-content\/uploads\/2017\/04\/trakaste-zavese1.jpg\"\/><br \/> <br \/>\nZa izradu trakastih zavesa koristi se plastificirana tkanina, a postoje i PVC i aluminijumske zavese. Antistati\u010dne su i bez mirisa, ne skupljaju pra\u0161inu i zahvalne su za odr\u017eavanje. Zbog razli\u010ditog na\u010dina monta\u017ee i zatvaranja, trakaste zavese se lako mogu prilagoditi svakom prostoru i ambijentu , a veli\u010dina mo\u017ee biti od 1 do 20 m2.<br \/> <br \/>\n<iframe loading=\"lazy\" class=\"aligncenter size-full\" width=\"544\" height=\"435\" src=\"https:\/\/www.youtube.com\/embed\/Ho3BxCpB_7Q\" frameborder=\"0\" allowfullscreen><\/iframe><\/p>\n","protected":false},"excerpt":{"rendered":"<p>Venecijaneri i trakaste zavese Venecijaneri su za za\u0161titu od sunca i jednostavnu kontrolu ulaska svetla savr\u0161en izbor. Na ovaj na\u010din obezbe\u0111ujete potpunu privatnost poslovnog prostora ili stana uz maksimalno osvetljenje prostorije. Venecijaneri se mogu ugra\u0111ivati na sve tipove prozora koji postoje ili na nove alu i pvc. \u0160iroka paleta boja, uz mogu\u0107nost izrade nepravilnih oblika&hellip;<\/p>\n","protected":false},"author":1,"featured_media":0,"parent":0,"menu_order":0,"comment_status":"closed","ping_status":"closed","template":"","meta":[],"_links":{"self":[{"href":"https:\/\/www.pvcmajstor.com\/index.php?rest_route=\/wp\/v2\/pages\/1648"}],"collection":[{"href":"https:\/\/www.pvcmajstor.com\/index.php?rest_route=\/wp\/v2\/pages"}],"about":[{"href":"https:\/\/www.pvcmajstor.com\/index.php?rest_route=\/wp\/v2\/types\/page"}],"author":[{"embeddable":true,"href":"https:\/\/www.pvcmajstor.com\/index.php?rest_route=\/wp\/v2\/users\/1"}],"replies":[{"embeddable":true,"href":"https:\/\/www.pvcmajstor.com\/index.php?rest_route=%2Fwp%2Fv2%2Fcomments&post=1648"}],"version-history":[{"count":3,"href":"https:\/\/www.pvcmajstor.com\/index.php?rest_route=\/wp\/v2\/pages\/1648\/revisions"}],"predecessor-version":[{"id":1759,"href":"https:\/\/www.pvcmajstor.com\/index.php?rest_route=\/wp\/v2\/pages\/1648\/revisions\/1759"}],"wp:attachment":[{"href":"https:\/\/www.pvcmajstor.com\/index.php?rest_route=%2Fwp%2Fv2%2Fmedia&parent=1648"}],"curies":[{"name":"wp","href":"https:\/\/api.w.org\/{rel}","templated":true}]}}