{"id":1651,"date":"2017-04-25T21:11:06","date_gmt":"2017-04-25T21:11:06","guid":{"rendered":"https:\/\/www.pvcmajstor.com\/?page_id=1651"},"modified":"2017-12-19T11:23:03","modified_gmt":"2017-12-19T11:23:03","slug":"staklo","status":"publish","type":"page","link":"https:\/\/www.pvcmajstor.com\/?page_id=1651","title":{"rendered":"Staklo"},"content":{"rendered":"<h3>Staklo<\/h3>\n<p>\n<img class=\"aligncenter size-full\" src=\"\/wp-content\/uploads\/2017\/04\/stakleni-zidovi.jpg\"\/><br \/> <br \/>\nZastakljivanje na\u0161e stolarije vr\u0161imo sa takozvanim staklo &#8211; paketom (izo staklo takozvani izopan). U osnovnom staklo paketu se nalaze dva stakla. Po \u017eelji klijenta postavljamo i staklo &#8211; pakete sa tri stakala \u0161to znatno pobolj\u0161ava toplotnu izolaciju.<b> <\/p>\n<p><strong>Flot:<\/strong><br \/> <br \/>\nObi\u010dno providno staklo bez opti\u010dkih prelamanja 4:16:4 mm. <\/p>\n<p><strong>Niskoemisiono:<\/strong><br \/> <br \/>\nStaklo koje je punjeno argonom radi pove\u0107anja toplotne izolacije za \u010dak 50-60%. <\/p>\n<p><strong>Parsol:<\/strong><br \/> <br \/>\nStaklo bojeno u masi sa pobolj\u0161anim solarnim karakteristikama. Ono je prozirno u raznim bojama (plava, bronza, zelena, siva) <\/p>\n<p><strong>Stopsol:<\/strong><br \/> <br \/>\nStaklo dobijeno piroliti\u010dkim postupkom sa pobolj\u0161anim solarnim karakteristikama. Staklo koje na sebi ima metaliziraju\u0107i nanos \u0161to obezbe\u0111uje \u201cogledalo\u201d efekat u plavoj, bzelenoj, sivoj i braon boji. <\/p>\n<p><strong>Ornament stakla:<\/strong><br \/> <br \/>\nStakla sa reljefnim \u0161arama na sebi radi smanjenja prozirnosti i estetskog efekta.Kroz ova stakla se nemo\u017ee jasno videti ve\u0107 se objekti samo mutno naziru ukuliko su blizu staklene povr\u0161ine.<b> <\/p>\n<p><strong>Peskareno:<\/strong><br \/> <br \/>\nukrasno staklo u mle\u010dno beloj boji namenjeno za vrata i izloge na Va\u0161em poslovnom prostoru, mat staklo.<\/p>\n","protected":false},"excerpt":{"rendered":"<p>Staklo Zastakljivanje na\u0161e stolarije vr\u0161imo sa takozvanim staklo &#8211; paketom (izo staklo takozvani izopan). U osnovnom staklo paketu se nalaze dva stakla. Po \u017eelji klijenta postavljamo i staklo &#8211; pakete sa tri stakala \u0161to znatno pobolj\u0161ava toplotnu izolaciju. Flot: Obi\u010dno providno staklo bez opti\u010dkih prelamanja 4:16:4 mm. Niskoemisiono: Staklo koje je punjeno argonom radi pove\u0107anja&hellip;<\/p>\n","protected":false},"author":1,"featured_media":0,"parent":0,"menu_order":0,"comment_status":"closed","ping_status":"closed","template":"","meta":[],"_links":{"self":[{"href":"https:\/\/www.pvcmajstor.com\/index.php?rest_route=\/wp\/v2\/pages\/1651"}],"collection":[{"href":"https:\/\/www.pvcmajstor.com\/index.php?rest_route=\/wp\/v2\/pages"}],"about":[{"href":"https:\/\/www.pvcmajstor.com\/index.php?rest_route=\/wp\/v2\/types\/page"}],"author":[{"embeddable":true,"href":"https:\/\/www.pvcmajstor.com\/index.php?rest_route=\/wp\/v2\/users\/1"}],"replies":[{"embeddable":true,"href":"https:\/\/www.pvcmajstor.com\/index.php?rest_route=%2Fwp%2Fv2%2Fcomments&post=1651"}],"version-history":[{"count":4,"href":"https:\/\/www.pvcmajstor.com\/index.php?rest_route=\/wp\/v2\/pages\/1651\/revisions"}],"predecessor-version":[{"id":1767,"href":"https:\/\/www.pvcmajstor.com\/index.php?rest_route=\/wp\/v2\/pages\/1651\/revisions\/1767"}],"wp:attachment":[{"href":"https:\/\/www.pvcmajstor.com\/index.php?rest_route=%2Fwp%2Fv2%2Fmedia&parent=1651"}],"curies":[{"name":"wp","href":"https:\/\/api.w.org\/{rel}","templated":true}]}}