{"id":1654,"date":"2017-04-25T21:13:46","date_gmt":"2017-04-25T21:13:46","guid":{"rendered":"https:\/\/www.pvcmajstor.com\/?page_id=1654"},"modified":"2017-12-19T11:22:43","modified_gmt":"2017-12-19T11:22:43","slug":"staklene-tus-kabine","status":"publish","type":"page","link":"https:\/\/www.pvcmajstor.com\/?page_id=1654","title":{"rendered":"Staklene tu\u0161 kabine"},"content":{"rendered":"<h3>Staklene tu\u0161 kabine od kaljenog stakla<\/h3>\n<p> <br \/>\n<img class=\"aligncenter size-full\" src=\"\/wp-content\/uploads\/2017\/04\/tus-kabine-od-kaljenog-stakla.jpg\"\/><br \/> <br \/>\nTu\u0161 kabine izra\u0111ene od kvalitetnog kaljenog stakla su danas ne\u0161to najmodernije \u0161to mo\u017eete zamisliti u svom kupatilu. Jednostavno funkcionisanje danas pronalazi sve vi\u0161e korisnika u modernom na\u010dinu \u017eivota. Vizuelno se savr\u0161eno uklapaju u svako kupatilo zahvaljuju\u0107i jednostavnom minimalisti\u010dkom dizajnu. Staklo mo\u017ee biti providno ili u raznim mat varijantama sa aplikacijama po \u017eelji. Vr\u0161imo izradu vrata od kaljenog stakla svih dimenzija koja se mogu koristiti po potrebi u ordinacijama, prodavnicama, lokalima, poslovnim prostorima ili turisti\u010dko ugostiteljskim objektima kao jedan moderan na\u010din odvajanja prostora. Izrada po meri i ugradnja. Staklo je odli\u010dnog kvaliteta i izdr\u017eljivosti a samim time potpuno sigurno u dugogodi\u0161njoj eksploataciji. <a href=\"?page_id=1629\">Zatra\u017eite ponudu putem interneta<\/a> tako \u0161to \u0107ete nam poslati ta\u010dne dimenzije i ostvarite popust od <strong>5%<\/strong><\/p>\n","protected":false},"excerpt":{"rendered":"<p>Staklene tu\u0161 kabine od kaljenog stakla Tu\u0161 kabine izra\u0111ene od kvalitetnog kaljenog stakla su danas ne\u0161to najmodernije \u0161to mo\u017eete zamisliti u svom kupatilu. Jednostavno funkcionisanje danas pronalazi sve vi\u0161e korisnika u modernom na\u010dinu \u017eivota. Vizuelno se savr\u0161eno uklapaju u svako kupatilo zahvaljuju\u0107i jednostavnom minimalisti\u010dkom dizajnu. Staklo mo\u017ee biti providno ili u raznim mat varijantama sa&hellip;<\/p>\n","protected":false},"author":1,"featured_media":0,"parent":0,"menu_order":0,"comment_status":"closed","ping_status":"closed","template":"","meta":[],"_links":{"self":[{"href":"https:\/\/www.pvcmajstor.com\/index.php?rest_route=\/wp\/v2\/pages\/1654"}],"collection":[{"href":"https:\/\/www.pvcmajstor.com\/index.php?rest_route=\/wp\/v2\/pages"}],"about":[{"href":"https:\/\/www.pvcmajstor.com\/index.php?rest_route=\/wp\/v2\/types\/page"}],"author":[{"embeddable":true,"href":"https:\/\/www.pvcmajstor.com\/index.php?rest_route=\/wp\/v2\/users\/1"}],"replies":[{"embeddable":true,"href":"https:\/\/www.pvcmajstor.com\/index.php?rest_route=%2Fwp%2Fv2%2Fcomments&post=1654"}],"version-history":[{"count":3,"href":"https:\/\/www.pvcmajstor.com\/index.php?rest_route=\/wp\/v2\/pages\/1654\/revisions"}],"predecessor-version":[{"id":1770,"href":"https:\/\/www.pvcmajstor.com\/index.php?rest_route=\/wp\/v2\/pages\/1654\/revisions\/1770"}],"wp:attachment":[{"href":"https:\/\/www.pvcmajstor.com\/index.php?rest_route=%2Fwp%2Fv2%2Fmedia&parent=1654"}],"curies":[{"name":"wp","href":"https:\/\/api.w.org\/{rel}","templated":true}]}}