{"id":1657,"date":"2017-04-25T21:15:53","date_gmt":"2017-04-25T21:15:53","guid":{"rendered":"https:\/\/www.pvcmajstor.com\/?page_id=1657"},"modified":"2017-12-19T11:22:18","modified_gmt":"2017-12-19T11:22:18","slug":"staklena-harmonika-vrata","status":"publish","type":"page","link":"https:\/\/www.pvcmajstor.com\/?page_id=1657","title":{"rendered":"Staklena harmonika vrata"},"content":{"rendered":"<h3>Staklena klizna harmonika vrata<\/h3>\n<p> <br \/>\n<img class=\"aligncenter size-full\" src=\"\/wp-content\/uploads\/2017\/04\/klizna-staklena-harmonika-vrata.jpg\"\/><br \/> <br \/>\nZadovoljstvo nam je da ponudimo klizna staklena harmonika vrata od kaljenog stakla. Kao \u0161to ste primetili, mnogi moderni stanovi, lokali i poslovni prostori danas imaju ovakva vrata koja vizuelno pove\u0107avaju prostorije i terase \u010dine\u0107i ih savr\u0161eno funkcionalnim i lako dostupnim. Za dobru izolaciju i dihtovanje su se potrudili specijalni gumeni spojevi koji savr\u0161eno nale\u017eu me\u0111usobno sa kaljenim staklom (sigurnosnim) i time \u010dine vodonepropusnu povr\u0161inu. Imamo bogat izbor boja i dezena stakla debljine 8-10 cm te prate\u0107ih okova. Izrada po meri i monta\u017ea, javite se!<\/p>\n","protected":false},"excerpt":{"rendered":"<p>Staklena klizna harmonika vrata Zadovoljstvo nam je da ponudimo klizna staklena harmonika vrata od kaljenog stakla. Kao \u0161to ste primetili, mnogi moderni stanovi, lokali i poslovni prostori danas imaju ovakva vrata koja vizuelno pove\u0107avaju prostorije i terase \u010dine\u0107i ih savr\u0161eno funkcionalnim i lako dostupnim. Za dobru izolaciju i dihtovanje su se potrudili specijalni gumeni spojevi&hellip;<\/p>\n","protected":false},"author":1,"featured_media":0,"parent":0,"menu_order":0,"comment_status":"closed","ping_status":"closed","template":"","meta":[],"_links":{"self":[{"href":"https:\/\/www.pvcmajstor.com\/index.php?rest_route=\/wp\/v2\/pages\/1657"}],"collection":[{"href":"https:\/\/www.pvcmajstor.com\/index.php?rest_route=\/wp\/v2\/pages"}],"about":[{"href":"https:\/\/www.pvcmajstor.com\/index.php?rest_route=\/wp\/v2\/types\/page"}],"author":[{"embeddable":true,"href":"https:\/\/www.pvcmajstor.com\/index.php?rest_route=\/wp\/v2\/users\/1"}],"replies":[{"embeddable":true,"href":"https:\/\/www.pvcmajstor.com\/index.php?rest_route=%2Fwp%2Fv2%2Fcomments&post=1657"}],"version-history":[{"count":2,"href":"https:\/\/www.pvcmajstor.com\/index.php?rest_route=\/wp\/v2\/pages\/1657\/revisions"}],"predecessor-version":[{"id":1772,"href":"https:\/\/www.pvcmajstor.com\/index.php?rest_route=\/wp\/v2\/pages\/1657\/revisions\/1772"}],"wp:attachment":[{"href":"https:\/\/www.pvcmajstor.com\/index.php?rest_route=%2Fwp%2Fv2%2Fmedia&parent=1657"}],"curies":[{"name":"wp","href":"https:\/\/api.w.org\/{rel}","templated":true}]}}