{"id":1659,"date":"2017-04-25T21:24:25","date_gmt":"2017-04-25T21:24:25","guid":{"rendered":"https:\/\/www.pvcmajstor.com\/?page_id=1659"},"modified":"2017-12-19T11:20:30","modified_gmt":"2017-12-19T11:20:30","slug":"saveti-i-novosti","status":"publish","type":"page","link":"https:\/\/www.pvcmajstor.com\/?page_id=1659","title":{"rendered":"Saveti i novosti"},"content":{"rendered":"<h3>Saveti za kupovinu stolarije<\/h3>\n<p> <br \/>\nSvakome ko se odlu\u010di na promenu stolarije koja nije jeftina investicija i koja treba dugi niz godina da traje preporu\u010dujemo da dobro analizira koji su uslovi garancije i dali je ta firma ozbiljna u svome poslu. Ve\u0107ina nema nikakvu proizvodnju pa \u010dak ni svoju internet stranicu, ve\u0107 kod nekoga uslu\u017eno nabavljaju stolariju pa ugra\u0111uju. Posle nekoliko godina, takvi vi\u0161e ne postoje a nastaju veliki problemi usled neproverenih komponenti i tro\u0161kovi do na kraju ne\u017eeljene zamene stolarije. Predla\u017eemo vam uigrani tim Pvc Pro Mont koji na ovim prostorima funkcioni\u0161e ve\u0107 vi\u0161e od 10 godina.<br \/> <br \/>\nOdli\u010dna komunikacija izme\u0111u zaposlenih na op\u0161te zadovoljstvo ima kao rezultat jako zadovoljne korisnike. U ponudi imamo ugradnju sigurnosnh vrata sa 0-24h pomo\u0107 ukoliko do\u0111e do nekih pote\u0161ko\u0107a u radu. Moderan na\u010din poslovanja i po\u0161tovanje kupca su put ka sigurnom uspehu i sve ve\u0107em tr\u017ei\u0161tu! Dobrodo\u0161li!<br \/> <br \/>\n<img class=\"aligncenter size-full\" src=\"\/wp-content\/uploads\/2017\/04\/Alu-pvc-stolarija-pocetna.jpg\"\/><br \/> <br \/>\n<strong>Klizna vrata za ameri\u010dke ormane\/plakare, kuhinje itd. Izrada po meri i ugradnja:<\/strong><br \/> <br \/>\nU ponudi imamo i izradu kliznih vrata za ugradne ormare i ameri\u010dke plakare, vrata se rade po meri tako da se postavljaju od poda do plafona. Prelep dizajn, jednostavnost i veliki izbor boja, dezena i aplikacija su u\u010dinili da se ovaj detalj danas savr\u0161eno uklapa u sve stambene i poslovne prostore! Sa ovim vratima mo\u017eete jednostavno podeliti stambeni ili prostor uz minimalne prepravke. Najnoviji dizajn aluminijumskih okova garantuju zavidan kvalitet, malu te\u017einu i izuzetno pristupa\u010dnu cenu!<br \/> <br \/>\n<img class=\"aligncenter size-full\" src=\"\/wp-content\/uploads\/2017\/04\/klizna-vrata-za-orman.jpg\"\/><br \/> <br \/>\n<strong>Hitne intervencije 0-24h, prozori danas za sutra na teritoriji Beograda:<\/strong><br \/> <br \/>\nU slu\u010daju vanrednih situacija, po primljenom pozivu, dolazimo, uzimamo mere, izra\u0111ujemo prozore i ugra\u0111ujemo. U mogu\u0107nosti smo da ponudimo i ostale usluge adaptacije i renoviranja stambenog ili poslovnog prostora u \u0161to kra\u0107em roku po visokim standardima EU.<br \/> <br \/>\n<img class=\"aligncenter size-full\" src=\"\/wp-content\/uploads\/2017\/04\/stolarija-danas-za-sutra.jpg\"\/><br \/> <br \/>\n<strong>Klizna staklena harmonika vrata:<\/strong><br \/> <br \/>\nZadovoljstvo nam je da ponudimo klizna staklena harmonika vrata od kaljenog stakla. Kao \u0161to ste primetili, mnogi moderni stanovi, lokali i poslovni prostori danas imaju ovakva vrata koja vizuelno pove\u0107avaju prostorije i terase \u010dine\u0107i ih savr\u0161eno funkcionalnim i lako dostupnim. Za dobru izolaciju i dihtovanje su se potrudili specijalni gumeni spojevi koji savr\u0161eno nale\u017eu me\u0111usobno sa kaljenim staklom (sigurnosnim) i time \u010dine vodonepropusnu povr\u0161inu. Imamo bogat izbor boja i dezena stakla debljine 8-10 cm te prate\u0107ih okova. Izrada po meri i monta\u017ea, javite se!<br \/> <br \/>\n<img class=\"aligncenter size-full\" src=\"\/wp-content\/uploads\/2017\/04\/klizna-staklena-harmonika-vrata2.jpg\"\/><br \/> <br \/>\n<strong>Kvake sigurnosne sa zaklju\u010davanjem:<\/strong><br \/> <br \/>\nU ponudi imamo sigurnosne kvake sa zaklju\u010davanjem za prozore i balkonska vrata. Pove\u0107ajte nivo sigurnosti uku\u0107ana a naro\u010dito najmla\u0111ih jer ove brave spre\u010davaju decu da otvore prozor. Preporu\u010duju se i za ugradnju u prizemne objekte radi pove\u0107anja sigurnosti od provalnika. U ponudi imamo kvake raznih boja za pvc i alu stolariju, Sigenia ili Roto. Garancija 5 godina.<br \/> <br \/>\n<img class=\"aligncenter size-full\" src=\"\/wp-content\/uploads\/2017\/04\/sigenia-pvc-okovi-brave-sig.jpg\"\/><br \/> <br \/>\n<strong>Sigenia Okovi:<\/strong><br \/> <br \/>\nSiegenia-Aubi je Nema\u010dki brend i jedan od najpoznatijih svetskih proizvo\u0111a\u010da prozorskih okova. Okovi Siegenia-Aubi odlikuju se visokim kvalitetom i inovativno\u0161\u0107u. Sistem okova je lako mogu\u0107e nadograditi i naknadno zameniti neke elemente i pove\u0107ati sigurnost. Okovi su za\u0161ti\u0107eni sa slojem titan-srebra za\u0161tite i zadovoljavaju sve ekolo\u0161ke norme uz pobolj\u0161anje antikorozivne za\u0161tite.<br \/> <br \/>\n<img class=\"aligncenter size-full\" src=\"\/wp-content\/uploads\/2017\/04\/sigenia-pvc-okovi.jpg\"\/><br \/> <br \/>\nOkovi za PVC stolariju, protivprovalni okovi, su vrlo va\u017ean detalj na prozoru. Ovakavi okovi osiguravaju kvalitetno zatvaranje, provetravanje, delimi\u010dno provetravanje i \u0161titi od provale ako je pravilno postavljen protivprovalni set okova. Kod dvokrilnog prozora je isto tako neophodno postaviti srednji zatvara\u010d (pomo\u0107na \u0161arka) na pomo\u0107nom krilu izme\u0111u dve \u0161arke koji je kod nas skriven u utoru okova. Svaka garnitura sadr\u017ei podiza\u010d krila(to\u010dki\u0107) koji omogu\u0107ava lagano zatvaranje krila i koji kao oslonac garantuje dugove\u010dno ispravno funkcionisanje prozora.<br \/>\n<strong>Roto Okovi:<\/strong><br \/> <br \/>\nFirmu Roto Frank AG osnovana jo\u0161 davne 1935. godine u Nema\u010dkoj. Ubrzo Roto postaje jedan od lidera u oblasti prozorske tehnike. Danas je Roto najve\u0107i svetski proizvo\u0111a\u010d okova za stolariju i jedan od najve\u0107ih proizvo\u0111a\u010da krovnih prozora. Roto svoje proizvode danas, proizvodi u 40 firmi \u0161irom Evrope. Tokom dugog niza godina ova firma stekla je ogromno iskustvo, i poverenje velikog broja kupaca \u0161irom planete.<br \/> <br \/>\n<img class=\"aligncenter size-full\" src=\"\/wp-content\/uploads\/2017\/04\/Roto-kvalitetni-okovi-za-stolariju.jpg\"\/><br \/> <br \/>\nU sistemu Roto NT, sve unutra\u0161nje komponente su integrisane i povezane preko centralnog sistema zaklju\u010davanje. Sistem nudi visok nivo sigurnosti u osnovnoj verziji. Veoma ga je lako montirati i namestiti tako omogu\u0107ava jednostavno povezivanje mehani\u010dkih i elektronskih komponenti, npr. alarm protiv provale u objekat, termostat i sistem za kontrolu ventilacije u objektu.<\/p>\n","protected":false},"excerpt":{"rendered":"<p>Saveti za kupovinu stolarije Svakome ko se odlu\u010di na promenu stolarije koja nije jeftina investicija i koja treba dugi niz godina da traje preporu\u010dujemo da dobro analizira koji su uslovi garancije i dali je ta firma ozbiljna u svome poslu. Ve\u0107ina nema nikakvu proizvodnju pa \u010dak ni svoju internet stranicu, ve\u0107 kod nekoga uslu\u017eno nabavljaju&hellip;<\/p>\n","protected":false},"author":1,"featured_media":0,"parent":0,"menu_order":0,"comment_status":"closed","ping_status":"closed","template":"","meta":[],"_links":{"self":[{"href":"https:\/\/www.pvcmajstor.com\/index.php?rest_route=\/wp\/v2\/pages\/1659"}],"collection":[{"href":"https:\/\/www.pvcmajstor.com\/index.php?rest_route=\/wp\/v2\/pages"}],"about":[{"href":"https:\/\/www.pvcmajstor.com\/index.php?rest_route=\/wp\/v2\/types\/page"}],"author":[{"embeddable":true,"href":"https:\/\/www.pvcmajstor.com\/index.php?rest_route=\/wp\/v2\/users\/1"}],"replies":[{"embeddable":true,"href":"https:\/\/www.pvcmajstor.com\/index.php?rest_route=%2Fwp%2Fv2%2Fcomments&post=1659"}],"version-history":[{"count":4,"href":"https:\/\/www.pvcmajstor.com\/index.php?rest_route=\/wp\/v2\/pages\/1659\/revisions"}],"predecessor-version":[{"id":1781,"href":"https:\/\/www.pvcmajstor.com\/index.php?rest_route=\/wp\/v2\/pages\/1659\/revisions\/1781"}],"wp:attachment":[{"href":"https:\/\/www.pvcmajstor.com\/index.php?rest_route=%2Fwp%2Fv2%2Fmedia&parent=1659"}],"curies":[{"name":"wp","href":"https:\/\/api.w.org\/{rel}","templated":true}]}}