{"id":1664,"date":"2017-04-25T21:35:26","date_gmt":"2017-04-25T21:35:26","guid":{"rendered":"https:\/\/www.pvcmajstor.com\/?page_id=1664"},"modified":"2017-12-19T11:21:43","modified_gmt":"2017-12-19T11:21:43","slug":"sigurnosna-vrata","status":"publish","type":"page","link":"https:\/\/www.pvcmajstor.com\/?page_id=1664","title":{"rendered":"Sigurnosna vrata"},"content":{"rendered":"<h3>Sigurnosna protivprovalna vrata<\/h3>\n<p> <br \/>\n<img class=\"aligncenter size-full\" src=\"\/wp-content\/uploads\/2017\/04\/prozor.jpg\"\/><br \/> <br \/>\nZadovoljstvo nam je da vam ponudimo sigurnosna protivprovalna vrata zavidnog kvaliteta i pristupa\u010dne cene. U dana\u0161nje vreme sigurnost i intima uz moderanu arhikteturu va\u0161eg stambenog prostora jako je va\u017eno za ugodan boravak u vlastitom stambenom prostoru. Ulazna protivprovalna sigurnosna vrata doprinose ose\u0107aju sigurnosti, a zvu\u010dna i toplotna izolacija dodatno intimizuje va\u0161 stambeni prostor.<br \/> <br \/>\n<img class=\"aligncenter size-full\" src=\"\/wp-content\/uploads\/2017\/04\/sigurnosna-protivprovalna-vrata0.jpg\"\/><br \/> <br \/>\nU ponudi se nalaze ulazna protivprovalna vrata razli\u010ditih dimenzija, dizajna i dekora. Imamo leva i desna, jednokrilna i dvokrilna sa razli\u010ditim opcijama brava i kvaka po izboru. U galeriji fotografija mo\u017eete pogledati i neke od modela koji su dostupni na tr\u017ei\u0161u. Na\u0161e stru\u010dno osoblje \u0107e vam pomo\u0107i da odaberete model prema va\u0161im potrebama i \u017eeljama.<br \/> <br \/>\n<img class=\"aligncenter size-full\" src=\"\/wp-content\/uploads\/2017\/04\/sigurnosna-protivprovalna-vrata.jpg\"\/><br \/> <br \/>\nUkoliko stara vrata ne odgovaraju standardu novih vrata koja ugra\u0111ujemo, majstori \u0107e na licu mesta prilagoditi otvor. Ugradnja u proseku traje od 4-6 sati. Zavr\u0161ni radovi popravljanja o\u0161te\u0107enja zida oko vrata posle ugradnje nisu ura\u010dunati u cenu i oni se napla\u0107uju dodatno po va\u017ee\u0107em cenovniku.<br \/> <br \/>\n<img class=\"aligncenter size-full\" src=\"\/wp-content\/uploads\/2017\/04\/sigurnosna-protivprovalna-vrata1.jpg\"\/><br \/> <br \/>\nAko do\u0111e do bilo kakvog problema u funkcionisanju vrata, na\u0161i majstori \u0107e u najkra\u0107em roku do\u0107i i re\u0161iti problem. U slu\u010daju potrebe za hitnom zamenom starih vrata usled provale, na\u0161i majstori \u0107e u najkra\u0107em roku iza\u0107i u susret i zameniti vrata novim protivprovalnim vratima.<br \/> <br \/>\n<img class=\"aligncenter size-full\" src=\"\/wp-content\/uploads\/2017\/04\/sigurnosna-vrata-presek.jpg\"\/><br \/> <br \/>\nAko \u017eelite da pove\u0107ate sigurnost va\u0161e ku\u0107e, stana ili poslovnog prostora, preporu\u010dujemo i ugradnju alarma sa dojavom, nadzorne kamere sa snimanjem i pristupom putem interneta. Postoji puno modela sigurnosnih brava na otisak prsta ili karticu.<br \/> <br \/>\n<img class=\"aligncenter size-full\" src=\"\/wp-content\/uploads\/2017\/04\/dodatna-zastita-objekata.jpg\"\/><br \/> <br \/>\n<iframe loading=\"lazy\" class=\"aligncenter size-full\" width=\"544\" height=\"435\" src=\"https:\/\/www.youtube.com\/embed\/bp7tl-IKL6M\" frameborder=\"0\" allowfullscreen><\/iframe><\/p>\n","protected":false},"excerpt":{"rendered":"<p>Sigurnosna protivprovalna vrata Zadovoljstvo nam je da vam ponudimo sigurnosna protivprovalna vrata zavidnog kvaliteta i pristupa\u010dne cene. U dana\u0161nje vreme sigurnost i intima uz moderanu arhikteturu va\u0161eg stambenog prostora jako je va\u017eno za ugodan boravak u vlastitom stambenom prostoru. Ulazna protivprovalna sigurnosna vrata doprinose ose\u0107aju sigurnosti, a zvu\u010dna i toplotna izolacija dodatno intimizuje va\u0161 stambeni&hellip;<\/p>\n","protected":false},"author":1,"featured_media":0,"parent":0,"menu_order":0,"comment_status":"closed","ping_status":"closed","template":"","meta":[],"_links":{"self":[{"href":"https:\/\/www.pvcmajstor.com\/index.php?rest_route=\/wp\/v2\/pages\/1664"}],"collection":[{"href":"https:\/\/www.pvcmajstor.com\/index.php?rest_route=\/wp\/v2\/pages"}],"about":[{"href":"https:\/\/www.pvcmajstor.com\/index.php?rest_route=\/wp\/v2\/types\/page"}],"author":[{"embeddable":true,"href":"https:\/\/www.pvcmajstor.com\/index.php?rest_route=\/wp\/v2\/users\/1"}],"replies":[{"embeddable":true,"href":"https:\/\/www.pvcmajstor.com\/index.php?rest_route=%2Fwp%2Fv2%2Fcomments&post=1664"}],"version-history":[{"count":4,"href":"https:\/\/www.pvcmajstor.com\/index.php?rest_route=\/wp\/v2\/pages\/1664\/revisions"}],"predecessor-version":[{"id":1790,"href":"https:\/\/www.pvcmajstor.com\/index.php?rest_route=\/wp\/v2\/pages\/1664\/revisions\/1790"}],"wp:attachment":[{"href":"https:\/\/www.pvcmajstor.com\/index.php?rest_route=%2Fwp%2Fv2%2Fmedia&parent=1664"}],"curies":[{"name":"wp","href":"https:\/\/api.w.org\/{rel}","templated":true}]}}