{"id":1669,"date":"2017-04-25T21:42:45","date_gmt":"2017-04-25T21:42:45","guid":{"rendered":"https:\/\/www.pvcmajstor.com\/?page_id=1669"},"modified":"2017-12-19T11:20:50","modified_gmt":"2017-12-19T11:20:50","slug":"segmentna-garazna-vrata","status":"publish","type":"page","link":"https:\/\/www.pvcmajstor.com\/?page_id=1669","title":{"rendered":"Segmentna gara\u017ena vrata"},"content":{"rendered":"<h3>Segmentna gara\u017ena vrata<\/h3>\n<p> <br \/>\n<img class=\"aligncenter size-full\" src=\"\/wp-content\/uploads\/2017\/04\/garazna-alu-segmentna-vrata-beograd.jpg\"\/><br \/> <br \/>\n<strong>Sekcijska &#8211; segmentna gara\u017ena vrata<\/strong><br \/> <br \/>\n<img class=\"aligncenter size-full\" src=\"\/wp-content\/uploads\/2017\/04\/rolo-garazna-aluminijumska.jpg\"\/><br \/> <br \/>\nU ponudi se nalaze gara\u017ena i industrijska termo izolirana segmentna vrata. Funkcioni\u0161u po principu kretanja termoizoliranih panela po \u010deli\u010dnim vo\u0111icama iz vertikalnog u horizontalni polo\u017eaj pomo\u0107u prenosnog mehanizma pokretanog od strane specijalizovanog motora. Ugradnjom motora i automatike, dobijamo savr\u0161ena vrata sa daljinskom komandom i odli\u010dnom termoizolacijom. Ugra\u0111ujemo renomirane motore Somfy i Acm na koje dajemo petogodi\u0161nju garanciju. Uz gara\u017ena vrata je mogu\u0107e instalirati automatsku rasvetu, sigurnosne senzore i alarm.<br \/> <br \/>\n<img class=\"aligncenter size-full\" src=\"\/wp-content\/uploads\/2017\/04\/sekcijska-garazna-daljinskinski-motor.jpg\"\/><br \/> <br \/>\nSvi paneli imaju podu\u017ena oja\u010danja i a\u0161titu protiv priklje\u0161tenja prstiju. Vrata se izra\u0111uju u raznim bojama, dezenima i veli\u010dinama. Najzastupljenije su bela i svetlo siva, a mogu\u0107e je poru\u010diti u raznim dezenima prirodnog drveta. Segmenti mogu biti ravnih povr\u0161ina, pomorand\u017eine kore, reljefnih sa pravougaonim udubljenim oblikom kao i vertikalnim prozirnim (panorama) elementima. U slu\u010daju potrebe u vrata ve\u0107ih dimenzija mogu da se ugrade vrata za pe\u0161ake. Paneli su izra\u0111eni od galvanizovanog, pa plastificiranog \u010deli\u010dnog lima sa reljefnom ornamentikom, me\u0111usobno ispunjeni poliuretanom debljine 42 mm, tako da paneli obezbe\u0111uju dobru izolaciju (koeficijent prolaza toplote k = 2,36 W\/m2K).<br \/> <br \/>\n<img class=\"aligncenter size-full\" src=\"\/wp-content\/uploads\/2017\/04\/sekcijska-garazna-daljinskinski-motor.jpg\"\/><br \/> <br \/>\n<iframe loading=\"lazy\" class=\"aligncenter size-full\" width=\"544\" height=\"435\" src=\"https:\/\/www.youtube.com\/embed\/pdmp25JkzJ0\" frameborder=\"0\" allowfullscreen><\/iframe><\/p>\n","protected":false},"excerpt":{"rendered":"<p>Segmentna gara\u017ena vrata Sekcijska &#8211; segmentna gara\u017ena vrata U ponudi se nalaze gara\u017ena i industrijska termo izolirana segmentna vrata. Funkcioni\u0161u po principu kretanja termoizoliranih panela po \u010deli\u010dnim vo\u0111icama iz vertikalnog u horizontalni polo\u017eaj pomo\u0107u prenosnog mehanizma pokretanog od strane specijalizovanog motora. Ugradnjom motora i automatike, dobijamo savr\u0161ena vrata sa daljinskom komandom i odli\u010dnom termoizolacijom. Ugra\u0111ujemo&hellip;<\/p>\n","protected":false},"author":1,"featured_media":0,"parent":0,"menu_order":0,"comment_status":"closed","ping_status":"closed","template":"","meta":[],"_links":{"self":[{"href":"https:\/\/www.pvcmajstor.com\/index.php?rest_route=\/wp\/v2\/pages\/1669"}],"collection":[{"href":"https:\/\/www.pvcmajstor.com\/index.php?rest_route=\/wp\/v2\/pages"}],"about":[{"href":"https:\/\/www.pvcmajstor.com\/index.php?rest_route=\/wp\/v2\/types\/page"}],"author":[{"embeddable":true,"href":"https:\/\/www.pvcmajstor.com\/index.php?rest_route=\/wp\/v2\/users\/1"}],"replies":[{"embeddable":true,"href":"https:\/\/www.pvcmajstor.com\/index.php?rest_route=%2Fwp%2Fv2%2Fcomments&post=1669"}],"version-history":[{"count":3,"href":"https:\/\/www.pvcmajstor.com\/index.php?rest_route=\/wp\/v2\/pages\/1669\/revisions"}],"predecessor-version":[{"id":1800,"href":"https:\/\/www.pvcmajstor.com\/index.php?rest_route=\/wp\/v2\/pages\/1669\/revisions\/1800"}],"wp:attachment":[{"href":"https:\/\/www.pvcmajstor.com\/index.php?rest_route=%2Fwp%2Fv2%2Fmedia&parent=1669"}],"curies":[{"name":"wp","href":"https:\/\/api.w.org\/{rel}","templated":true}]}}