{"id":1671,"date":"2017-04-25T21:44:25","date_gmt":"2017-04-25T21:44:25","guid":{"rendered":"https:\/\/www.pvcmajstor.com\/?page_id=1671"},"modified":"2017-12-19T11:16:40","modified_gmt":"2017-12-19T11:16:40","slug":"industrijska-garazna-vrata","status":"publish","type":"page","link":"https:\/\/www.pvcmajstor.com\/?page_id=1671","title":{"rendered":"Industrijska gara\u017ena vrata"},"content":{"rendered":"<h3>Industrijska gara\u017ena vrata<\/h3>\n<p> <br \/>\n<img class=\"aligncenter size-full\" src=\"\/wp-content\/uploads\/2017\/04\/garazna-alu-industrijska-vrata-beograd.jpg\"\/><br \/> <br \/>\nKoja se koriste u industrijskim halama, radionicama gde vozila ulaze ili izlaze kroz takva vrata pa su potrebne velike \u0161irine i visine za ulazak kamionima i teretnih vozila. Takva vrata moraju imati brze i robusne motore koji su dimenzionirani za velika optere\u0107enja. Postoje tako\u0111er varijante industrijskih gara\u017enih vrata sa integrisanim vratima i tako se pove\u0107ava prakti\u010dnost svakodnevnog ulaska ili izlaska pe\u0161aka iz takvih prostorija.<br \/> <br \/>\n<img class=\"aligncenter size-full\" src=\"\/wp-content\/uploads\/2017\/04\/industrijska-garazna-vrata-rolo-segment.jpg\"\/><br \/> <br \/>\nVrata pokre\u0107e plafonski ili bo\u010dni motor. Snaga motora se kre\u0107e od 60 N do1200 N, monofazni i trofazni snage od 150 W do 1000 W. Mogu se otvarati putem daljinske komande ili taster prekida\u010da. Postoji mogu\u0107nost ugradnje dodatnih delova kao \u0161to su: lampa za upozorenje spu\u0161tanja vrata , foto\u0107elije za sigurnosnu za\u0161titu.<br \/> <br \/>\n<img class=\"aligncenter size-full\" src=\"\/wp-content\/uploads\/2017\/04\/industrijska-rolo-segmentna-vrata-beograd.jpg\"\/><br \/> <br \/>\n<iframe loading=\"lazy\" class=\"aligncenter size-full\" width=\"544\" height=\"435\" src=\"https:\/\/www.youtube.com\/embed\/pdmp25JkzJ0\" frameborder=\"0\" allowfullscreen><\/iframe><\/p>\n","protected":false},"excerpt":{"rendered":"<p>Industrijska gara\u017ena vrata Koja se koriste u industrijskim halama, radionicama gde vozila ulaze ili izlaze kroz takva vrata pa su potrebne velike \u0161irine i visine za ulazak kamionima i teretnih vozila. Takva vrata moraju imati brze i robusne motore koji su dimenzionirani za velika optere\u0107enja. Postoje tako\u0111er varijante industrijskih gara\u017enih vrata sa integrisanim vratima i&hellip;<\/p>\n","protected":false},"author":1,"featured_media":0,"parent":0,"menu_order":0,"comment_status":"closed","ping_status":"closed","template":"","meta":[],"_links":{"self":[{"href":"https:\/\/www.pvcmajstor.com\/index.php?rest_route=\/wp\/v2\/pages\/1671"}],"collection":[{"href":"https:\/\/www.pvcmajstor.com\/index.php?rest_route=\/wp\/v2\/pages"}],"about":[{"href":"https:\/\/www.pvcmajstor.com\/index.php?rest_route=\/wp\/v2\/types\/page"}],"author":[{"embeddable":true,"href":"https:\/\/www.pvcmajstor.com\/index.php?rest_route=\/wp\/v2\/users\/1"}],"replies":[{"embeddable":true,"href":"https:\/\/www.pvcmajstor.com\/index.php?rest_route=%2Fwp%2Fv2%2Fcomments&post=1671"}],"version-history":[{"count":3,"href":"https:\/\/www.pvcmajstor.com\/index.php?rest_route=\/wp\/v2\/pages\/1671\/revisions"}],"predecessor-version":[{"id":1809,"href":"https:\/\/www.pvcmajstor.com\/index.php?rest_route=\/wp\/v2\/pages\/1671\/revisions\/1809"}],"wp:attachment":[{"href":"https:\/\/www.pvcmajstor.com\/index.php?rest_route=%2Fwp%2Fv2%2Fmedia&parent=1671"}],"curies":[{"name":"wp","href":"https:\/\/api.w.org\/{rel}","templated":true}]}}