{"id":1673,"date":"2017-04-25T21:47:39","date_gmt":"2017-04-25T21:47:39","guid":{"rendered":"https:\/\/www.pvcmajstor.com\/?page_id=1673"},"modified":"2017-12-19T11:18:40","modified_gmt":"2017-12-19T11:18:40","slug":"o-adaptacijama","status":"publish","type":"page","link":"https:\/\/www.pvcmajstor.com\/?page_id=1673","title":{"rendered":"O adaptacijama"},"content":{"rendered":"<h3>Adaptacije stambenog i poslovnog prostora<\/h3>\n<p> <br \/>\n<img class=\"aligncenter size-full\" src=\"\/wp-content\/uploads\/2017\/04\/adaptacije-stambenog-prostora-beograd.jpg\"\/><br \/> <br \/>\nPo\u0161to u stanu provodimo ve\u0107i deo vremena u \u017eivotu, on treba da bude funkcionalan, udoban i oku ugodan. Ve\u0107i deo vremena provodimo ba\u0161 u dnevnoj sobi i tu treba staviti poseban akcenat pri ure\u0111enju enterijera. Dnevna soba bi trebala da bude \u0161to ve\u0107a i prostranija, sa \u0161to ve\u0107im prozorima kako bi je prirodno svetlo \u0161to vi\u0161e obasjavalo. Po mogu\u0107nosti dnevna soba bi trebalo da bude spojena sa trpezarijom i kuhinjom. Kuhinju opet mo\u017eemo vizuelno odvojiti od dnevne sobe \u0161ankom ili nekom prozra\u010dnom policom na kojoj su zanimljivi detalji. Ako raspored prostorija nije takav, trebalo bi razmi\u0161ljati o adaptaciji i preure\u0111enju stambenog prostora u oazu mira i zadovoljstva u kome svako ima svoju sobu ili barem kutak prilago\u0111en individualnim potrebama.<br \/> <br \/>\n<img class=\"aligncenter size-full\" src=\"\/wp-content\/uploads\/2017\/04\/adaptacija-dnevne-sobe.jpg\"\/><br \/> <br \/>\nDuga\u010dki hodnici i pomo\u0107ne prostorije su odavno stvar pro\u0161losti i treba ih uklju\u010diti u stambenu povr\u0161inu a umesto njih osmisliti ugradne ormane do plafona sa kliznim vratima. Nikako ne treba zaboraviti na podno grejanje tamo gde je ono najpotrebnije a to su kuhinja i kupatilo. Ako menjamo kompletnu stolariju u stanu, zadovoljstvo je staviti klizna vrata na terasu umesto starih i na taj na\u010din vizuelno dobiti mnogo ve\u0107i prostor. Kod odabira podnih obloga treba voditi ra\u010duna o njegovom kvalitetu i dugotrajnosti jer je to jedna od najskupljih investicija ako se ne uradi kako treba. Kod odabira boja, ako su u pitanju manje prostorije, treba se odlu\u010diti za belu boju koja vizuelno znatno pove\u0107ava prostor.<br \/> <br \/>\n<img class=\"aligncenter size-full\" src=\"\/wp-content\/uploads\/2017\/04\/renoviranje-stana-krecenje.jpg\"\/><br \/> <br \/>\nVisinu estetskog do\u017eivljaja kao i meru udobnosti mo\u017eemo regulisati na razne nacine. Funkcionalnost, ve\u0107im delom zavisi o preciznom po\u0161tovanju odre\u0111enih normi.<br \/>\nDa bi ne\u0161to bilo funkcionalno na prvom mestu mora da bude ispravno ura\u0111eno, po\u010dev\u0161i od pravilnog rasporeda i veli\u010dine prostorija, preko instalacija, podnih obloga do osvetljenja bilo dnevnog ili rasvete.<br \/> <br \/>\n<img class=\"aligncenter size-full\" src=\"\/wp-content\/uploads\/2017\/04\/moderna-bela-kuhinja-visoki-sjaj.jpg\"\/><br \/> <br \/>\nKompletna adaptacija nekog prostora je obiman, zahtevan i vrlo odgovoran posao.<br \/>\nSvaki dobro organizovan posao kre\u0107e od pa\u017eljivog planiranja i konsultacijama koje skra\u0107uje trajanje samog izvo\u0111enja jer se unapred predvi\u0111aju, dogovaraju i re\u0161avaju eventualni problemi.<br \/>\nDobro planiranje omogu\u0107ava uvid u tro\u0161kove i pravovremene odluke o obimu adaptacije a samim time daje rezultate kvalitetom obavljenog posla i po\u0161tovanjem rokova u realnim granicama. Takvo planiranje izvodljivo je jedino uz obostranu iskrenost i poverenje.<br \/> <br \/>\nVi\u0161e o na\u0161im uslugama mo\u017eete pro\u010ditati <a href=\"?page_id=1675\">Ovde<\/a>:<\/p>\n","protected":false},"excerpt":{"rendered":"<p>Adaptacije stambenog i poslovnog prostora Po\u0161to u stanu provodimo ve\u0107i deo vremena u \u017eivotu, on treba da bude funkcionalan, udoban i oku ugodan. Ve\u0107i deo vremena provodimo ba\u0161 u dnevnoj sobi i tu treba staviti poseban akcenat pri ure\u0111enju enterijera. Dnevna soba bi trebala da bude \u0161to ve\u0107a i prostranija, sa \u0161to ve\u0107im prozorima kako&hellip;<\/p>\n","protected":false},"author":1,"featured_media":0,"parent":0,"menu_order":0,"comment_status":"closed","ping_status":"closed","template":"","meta":[],"_links":{"self":[{"href":"https:\/\/www.pvcmajstor.com\/index.php?rest_route=\/wp\/v2\/pages\/1673"}],"collection":[{"href":"https:\/\/www.pvcmajstor.com\/index.php?rest_route=\/wp\/v2\/pages"}],"about":[{"href":"https:\/\/www.pvcmajstor.com\/index.php?rest_route=\/wp\/v2\/types\/page"}],"author":[{"embeddable":true,"href":"https:\/\/www.pvcmajstor.com\/index.php?rest_route=\/wp\/v2\/users\/1"}],"replies":[{"embeddable":true,"href":"https:\/\/www.pvcmajstor.com\/index.php?rest_route=%2Fwp%2Fv2%2Fcomments&post=1673"}],"version-history":[{"count":4,"href":"https:\/\/www.pvcmajstor.com\/index.php?rest_route=\/wp\/v2\/pages\/1673\/revisions"}],"predecessor-version":[{"id":1811,"href":"https:\/\/www.pvcmajstor.com\/index.php?rest_route=\/wp\/v2\/pages\/1673\/revisions\/1811"}],"wp:attachment":[{"href":"https:\/\/www.pvcmajstor.com\/index.php?rest_route=%2Fwp%2Fv2%2Fmedia&parent=1673"}],"curies":[{"name":"wp","href":"https:\/\/api.w.org\/{rel}","templated":true}]}}