{"id":1675,"date":"2017-04-25T21:51:53","date_gmt":"2017-04-25T21:51:53","guid":{"rendered":"https:\/\/www.pvcmajstor.com\/?page_id=1675"},"modified":"2017-12-19T11:18:12","modified_gmt":"2017-12-19T11:18:12","slug":"nase-usluge","status":"publish","type":"page","link":"https:\/\/www.pvcmajstor.com\/?page_id=1675","title":{"rendered":"Na\u0161e usluge"},"content":{"rendered":"<h3>Na\u0161e usluge<\/h3>\n<p> <br \/>\n<img class=\"aligncenter size-full\" src=\"\/wp-content\/uploads\/2017\/04\/adaptacije-renoviranje-prostora-beograd.jpg\"\/><br \/> <br \/>\n<strong>Na\u0161e usluge mo\u017eete objediniti kao celinu &#8222;klju\u010d u ruke&#8220; ili kao zasebne usluge:<\/strong> <\/p>\n<p><strong>Projektovanje od strane diplomiranog arhitekte i enterijeriste:<\/strong> idejni i glavni projekat sa izradom predracuna svih neophodnih radova, projekat enterijera, kuhinje, kupatila i projekat eksterijera. <\/p>\n<p><strong>Radovi demonta\u017ee i ru\u0161enja:<\/strong> ru\u0161enje zidova, probijanje prozora, vrata i otvora, demonta\u017ea lakih pregrada. <\/p>\n<p><strong>Elektro instalacije:<\/strong> instalacija jake i slabe struje, rasveta <\/p>\n<p><strong>Zidarski, betonski i armiranobetonski radovi:<\/strong> zidanji i betonski zidovi, grede, pregrade, malterisanje, izlivanje plo\u010da i ko\u0161uljica, niveliranje podova. <\/p>\n<p><strong>Izolaterski radovi:<\/strong> hidroizolacija, termoizolacija, akusti\u010dna izolacija kako fasade a tako i unutra\u0161njosti. <\/p>\n<p><strong>Bravarski i stolarski radovi:<\/strong> izrada Alu i PCV prozora, roletni i vrata, sigurnosna vrata, zastakljivanje terasa i lo\u0111a. <\/p>\n<p><strong>Kerami\u010darski radovi:<\/strong> Zamena dotrajalih vodovodnih instalacija, postavljanje keramike i sanitarija, podno grejanje. <\/p>\n<p><strong>Parketarski radovi:<\/strong> zamena dotrajalih, popravka starih, postavljanje novih, hoblovanje i lakiranje parketa i brodskog poda. <\/p>\n<p><strong>Podopolaga\u010dki radovi:<\/strong> laminati, tarketi, gotovi parketi, tapisoni, linoleumi. <\/p>\n<p><strong>Gipsarski radovi:<\/strong> knauf spu\u0161teni plafoni i pregradni zidovi, gipsane ukrasne profilacije, rasveta. <\/p>\n<p><strong>Molerskofarbarski radovi:<\/strong> gletovanje, priprema i farbanje zidova i plafona. <\/p>\n<p><strong>Razni zanatski radovi:<\/strong> ograde, pregrade, ukrasi, ornamenti <\/p>\n<p><strong>Ma\u0161inske instalacije:<\/strong> instalacije centralnog grejanja, ventilacije i klimatizacije. <\/p>\n<p><strong>Instalacije vodovoda i kanalizacije:<\/strong> zamena dotrajalih ili postavljanje potpuno novih. <\/p>\n<p><strong>Instalacije alarmnih i nadzornih ure\u0111aja:<\/strong> Alarmi, kamere, snimanje. <\/p>\n<p><strong>Razni zavr\u0161ni radovi:<\/strong> zavr\u0161no \u010di\u0161\u0107enje objekta.<\/p>\n","protected":false},"excerpt":{"rendered":"<p>Na\u0161e usluge Na\u0161e usluge mo\u017eete objediniti kao celinu &#8222;klju\u010d u ruke&#8220; ili kao zasebne usluge: Projektovanje od strane diplomiranog arhitekte i enterijeriste: idejni i glavni projekat sa izradom predracuna svih neophodnih radova, projekat enterijera, kuhinje, kupatila i projekat eksterijera. Radovi demonta\u017ee i ru\u0161enja: ru\u0161enje zidova, probijanje prozora, vrata i otvora, demonta\u017ea lakih pregrada. Elektro instalacije:&hellip;<\/p>\n","protected":false},"author":1,"featured_media":0,"parent":0,"menu_order":0,"comment_status":"closed","ping_status":"closed","template":"","meta":[],"_links":{"self":[{"href":"https:\/\/www.pvcmajstor.com\/index.php?rest_route=\/wp\/v2\/pages\/1675"}],"collection":[{"href":"https:\/\/www.pvcmajstor.com\/index.php?rest_route=\/wp\/v2\/pages"}],"about":[{"href":"https:\/\/www.pvcmajstor.com\/index.php?rest_route=\/wp\/v2\/types\/page"}],"author":[{"embeddable":true,"href":"https:\/\/www.pvcmajstor.com\/index.php?rest_route=\/wp\/v2\/users\/1"}],"replies":[{"embeddable":true,"href":"https:\/\/www.pvcmajstor.com\/index.php?rest_route=%2Fwp%2Fv2%2Fcomments&post=1675"}],"version-history":[{"count":3,"href":"https:\/\/www.pvcmajstor.com\/index.php?rest_route=\/wp\/v2\/pages\/1675\/revisions"}],"predecessor-version":[{"id":1813,"href":"https:\/\/www.pvcmajstor.com\/index.php?rest_route=\/wp\/v2\/pages\/1675\/revisions\/1813"}],"wp:attachment":[{"href":"https:\/\/www.pvcmajstor.com\/index.php?rest_route=%2Fwp%2Fv2%2Fmedia&parent=1675"}],"curies":[{"name":"wp","href":"https:\/\/api.w.org\/{rel}","templated":true}]}}