{"id":1836,"date":"2017-04-29T15:43:03","date_gmt":"2017-04-29T15:43:03","guid":{"rendered":"https:\/\/www.pvcmajstor.com\/?page_id=1836"},"modified":"2017-12-19T11:19:10","modified_gmt":"2017-12-19T11:19:10","slug":"o-uslugama","status":"publish","type":"page","link":"https:\/\/www.pvcmajstor.com\/?page_id=1836","title":{"rendered":"O uslugama"},"content":{"rendered":"<p><img class=\"aligncenter size-full\" src=\"\/wp-content\/uploads\/2017\/04\/Alu-pvc-stolarija-pocetna.jpg\" \/> <\/p>\n<h3>Aluminijumska i pvc stolarija vrhunskog kvaliteta, Pro Mont Constructing<\/h3>\n<p><img class=\"aligncenter size-full\" src=\"\/wp-content\/uploads\/2017\/04\/prozor-promont.jpg\" \/><br \/>\nFirma Promont uspe\u0161no posluje na na\u0161im prostorima ve\u0107 dugi niz godina. Bavimo se izradom Pvc i Alu stolarije, roletni, komarnika, zastakljivanjem terasa i lo\u0111a. Pvc prozori se izra\u0111uju od Roloplast i Salamander profila. U ponudi imamo razne dezene i boje. Aluminijumska stolarija se izra\u0111uje od Alumil i Etem profila, sa i bez termoprekida. Garancija na stolariju je 10 godina odnosno na okove i stakla 5 godina.<br \/>\n<img class=\"aligncenter size-full\" src=\"\/wp-content\/uploads\/2017\/04\/sigurnosna-vrata-beograd.jpg\" \/><br \/>\nSigurnosna protivprovalna vrata, veliki broj modela, dezena i boja uz povoljne cene sa ugradnjom. Osigurajte va\u0161 \u017eivotni prostor po najpovoljnijim cenama. Vrata se zaklju\u010davaju u 16 i 18 ta\u010daka a imaju odli\u010dnu zvu\u010dnu i toplotnu izolaciju. Izra\u0111ena su od profilisanog vi\u0161eslojnog \u010delika. Uz vrata se dobija 5 kodiranih klju\u010deva. Garancija 2 godine uz asistenciju 0-24h.<br \/>\n<img class=\"aligncenter size-full\" src=\"\/wp-content\/uploads\/2017\/04\/rolo-garazna-aluminijumska.jpg\" \/><br \/>\nProizvodnja, ugradnja i odr\u017eavanje aluminijumskih rolo, segmentnih i industrijskih gara\u017enih vrata te sigurnosnih roletni za lokale i poslovne prostore. Na\u0161a vrata su izra\u0111ena od vrhunskih materijala. Lamele su dvoslojne i ispunjene poliuretanom \u0161to daje dodatnu \u010dvrsto\u0107u i odli\u010dnu toplotnu izolaciju. Pokre\u0107u ih elektromotori putem daljinske komande ili prekida\u010da\/brave. U ponudi imamo vi\u0161e boja i dezena. Garancija na rolo vrata 10 godina odnosno 5 godina za pogonski motor.<br \/>\n<img class=\"aligncenter size-full\" src=\"\/wp-content\/uploads\/2017\/04\/ulazna-vrata-alu-pvc.jpg\" \/><\/p>\n","protected":false},"excerpt":{"rendered":"<p>Aluminijumska i pvc stolarija vrhunskog kvaliteta, Pro Mont Constructing Firma Promont uspe\u0161no posluje na na\u0161im prostorima ve\u0107 dugi niz godina. Bavimo se izradom Pvc i Alu stolarije, roletni, komarnika, zastakljivanjem terasa i lo\u0111a. Pvc prozori se izra\u0111uju od Roloplast i Salamander profila. U ponudi imamo razne dezene i boje. Aluminijumska stolarija se izra\u0111uje od Alumil&hellip;<\/p>\n","protected":false},"author":1,"featured_media":0,"parent":0,"menu_order":0,"comment_status":"closed","ping_status":"closed","template":"","meta":[],"_links":{"self":[{"href":"https:\/\/www.pvcmajstor.com\/index.php?rest_route=\/wp\/v2\/pages\/1836"}],"collection":[{"href":"https:\/\/www.pvcmajstor.com\/index.php?rest_route=\/wp\/v2\/pages"}],"about":[{"href":"https:\/\/www.pvcmajstor.com\/index.php?rest_route=\/wp\/v2\/types\/page"}],"author":[{"embeddable":true,"href":"https:\/\/www.pvcmajstor.com\/index.php?rest_route=\/wp\/v2\/users\/1"}],"replies":[{"embeddable":true,"href":"https:\/\/www.pvcmajstor.com\/index.php?rest_route=%2Fwp%2Fv2%2Fcomments&post=1836"}],"version-history":[{"count":4,"href":"https:\/\/www.pvcmajstor.com\/index.php?rest_route=\/wp\/v2\/pages\/1836\/revisions"}],"predecessor-version":[{"id":1846,"href":"https:\/\/www.pvcmajstor.com\/index.php?rest_route=\/wp\/v2\/pages\/1836\/revisions\/1846"}],"wp:attachment":[{"href":"https:\/\/www.pvcmajstor.com\/index.php?rest_route=%2Fwp%2Fv2%2Fmedia&parent=1836"}],"curies":[{"name":"wp","href":"https:\/\/api.w.org\/{rel}","templated":true}]}}